{"id":1671,"date":"2015-09-19T09:43:37","date_gmt":"2015-09-19T07:43:37","guid":{"rendered":"http:\/\/biophysical-tools.de\/?page_id=1671"},"modified":"2024-12-11T23:11:03","modified_gmt":"2024-12-11T21:11:03","slug":"microfluidic-flow-control-precision-pressure-control-system","status":"publish","type":"page","link":"https:\/\/biophysical-tools.de\/de\/microfluidic-flow-control-precision-pressure-control-system\/","title":{"rendered":"Microfluidic Flow Control &#8211; Precision Pressure Control System &#8211; P2CS"},"content":{"rendered":"<div class=\"wpb-content-wrapper\"><div class=\"vc_row wpb_row vc_row-fluid\"><div class=\"wpb_column vc_column_container vc_col-sm-12\"><div class=\"vc_column-inner\"><div class=\"wpb_wrapper\">\n\t<div  class=\"wpb_single_image wpb_content_element vc_align_left wpb_content_element\">\n\t\t\n\t\t<figure class=\"wpb_wrapper vc_figure\">\n\t\t\t<div class=\"vc_single_image-wrapper   vc_box_border_grey\"><img width=\"1440\" height=\"500\" src=\"https:\/\/biophysical-tools.de\/wp-content\/uploads\/2024\/06\/P2CS_Banner.png\" class=\"vc_single_image-img attachment-full\" alt=\"P2CS\" loading=\"lazy\" title=\"P2CS_Banner\" srcset=\"https:\/\/biophysical-tools.de\/wp-content\/uploads\/2024\/06\/P2CS_Banner.png 1440w, https:\/\/biophysical-tools.de\/wp-content\/uploads\/2024\/06\/P2CS_Banner-300x104.png 300w, https:\/\/biophysical-tools.de\/wp-content\/uploads\/2024\/06\/P2CS_Banner-1024x356.png 1024w, https:\/\/biophysical-tools.de\/wp-content\/uploads\/2024\/06\/P2CS_Banner-768x267.png 768w, https:\/\/biophysical-tools.de\/wp-content\/uploads\/2024\/06\/P2CS_Banner-18x6.png 18w\" sizes=\"(max-width: 1440px) 100vw, 1440px\" \/><\/div>\n\t\t<\/figure>\n\t<\/div>\n<div class=\"vc_empty_space\"   style=\"height: 32px\"><span class=\"vc_empty_space_inner\"><\/span><\/div><\/div><\/div><\/div><\/div><div class=\"vc_row wpb_row vc_row-fluid\"><div class=\"wpb_column vc_column_container vc_col-sm-8\"><div class=\"vc_column-inner\"><div class=\"wpb_wrapper\">\n\t<div class=\"wpb_text_column wpb_content_element\" >\n\t\t<div class=\"wpb_wrapper\">\n\t\t\t<h5 lang=\"en-US\"><span style=\"color: #000000;\"><b>Pr\u00e4zise und stabile druckbasierte Str\u00f6mungskontrolle in Mikrokan\u00e4len  \u2013 P<sup>2<\/sup>CS!<\/b><\/span><\/h5>\n<p lang=\"en-US\"><span style=\"color: #800000;\"><span style=\"color: #000000;\">Mit unserem druckgesteuerten Verfahren l\u00e4sst sich die Fl\u00fcssigkeit im Chip oder in einer Kapillare sanft bidirektional bewegen. Der Fluss kann beliebig jederzeit gestoppt werden, so dass eine optimale Beobachtung des Experimentes sichergestellt wird. Es gibt dabei keinen Nachlauf, soweit dies die Materialeigenschaften des Mikrokanals zulassen. <\/span><\/span><\/p>\n<p lang=\"en-US\" class=\" translation-block\"><span style=\"color: #800000\"><span style=\"color: #000000\">P<sup>2<\/sup>CS <strong>kontrolliert Dr\u00fccke<\/strong> und somit <\/span><strong><span style=\"color: #000000\">die Str\u00f6mung von <\/span><\/strong><span style=\"color: #000000\"><strong>Fluiden in mikrofluidischen Anwendungen und Mikrosystemen<\/strong>. Die S<\/span><span style=\"color: #000000\">tandardversion <\/span><span style=\"color: #000000\">des Druckcontrollers<\/span><span style=\"color: #000000\"> erreicht eine Str\u00f6mungsstabilisierung innerhalb von 17 ms (Flanke von 100 mbar) <\/span><span style=\"color: #000000\">und ist \u00fcberschwingungsfrei.\n<br>\n<\/br>\n\n <\/span><\/span><\/p>\n\n\t\t<\/div>\n\t<\/div>\n<\/div><\/div><\/div><div class=\"wpb_column vc_column_container vc_col-sm-4\"><div class=\"vc_column-inner\"><div class=\"wpb_wrapper\">\n\t<div class=\"wpb_text_column wpb_content_element\" >\n\t\t<div class=\"wpb_wrapper\">\n\t\t\t<h4 lang=\"en-US\"><span style=\"color: #000000;\"><b>Tropfenerzeugung mit P<sup>2<\/sup>CS<\/b><\/span><\/h4>\n<p><a href=\"https:\/\/biophysical-tools.de\/de\/products__trashed\/pressure-driven-flow-control\/\">Druckgetriebene (druckbasierte) Str\u00f6mungskontrolle<\/a> zur Erzeugung von Tropfen mit einem Durchmesser von 35 \u00b5m.<\/p>\n\n\t\t<\/div>\n\t<\/div>\n<div id=\"ts-vcsc-youtube-6628870\" class=\"ts-video-container ts-ratio-sixteen-to-nine  ts-video-overlay-false\"  style=\"\"><iframe class=\"ts-video-iframe\" width=\"100%\" height=\"auto\"  src=\"https:\/\/www.youtube.com\/embed\/AsD3lgfSwmg?autoplay=0&showinfo=1&controls=1&autohide=1&rel=0&loop=0&modestbranding=0&mute=0&vq=auto&wmode=opaque\" frameborder=\"0\" webkitallowfullscreen mozallowfullscreen allowfullscreen allow=\"autoplay\"><\/iframe><\/div><div class=\"vc_empty_space\"   style=\"height: 32px\"><span class=\"vc_empty_space_inner\"><\/span><\/div><div class=\"vc_btn3-container vc_btn3-inline vc_do_btn\" ><a class=\"vc_general vc_btn3 vc_btn3-size-md vc_btn3-shape-rounded vc_btn3-style-modern vc_btn3-color-vista-blue\" href=\"https:\/\/biophysical-tools.de\/de\/microfluidic-flow-control-pressure-control-system-p2cs-videos\/\" title=\"\">Weitere Videos mit m\u00f6glichen Anwendungen anschauen.<\/a><\/div><\/div><\/div><\/div><\/div><div class=\"vc_row wpb_row vc_row-fluid\"><div class=\"wpb_column vc_column_container vc_col-sm-6\"><div class=\"vc_column-inner\"><div class=\"wpb_wrapper\">\n\t<div class=\"wpb_text_column wpb_content_element\" >\n\t\t<div class=\"wpb_wrapper\">\n\t\t\t<h4>Aufbau mit P<sup>2<\/sup>CS<\/h4>\n\n\t\t<\/div>\n\t<\/div>\n<\/div><\/div><\/div><div class=\"wpb_column vc_column_container vc_col-sm-6\"><div class=\"vc_column-inner\"><div class=\"wpb_wrapper\">\n\t<div class=\"wpb_text_column wpb_content_element\" >\n\t\t<div class=\"wpb_wrapper\">\n\t\t\t<h4>Tropfenerzeugung mit P<sup>2<\/sup>CS<\/h4>\n\n\t\t<\/div>\n\t<\/div>\n<\/div><\/div><\/div><\/div><div class=\"vc_row wpb_row vc_row-fluid\"><div class=\"wpb_column vc_column_container vc_col-sm-6\"><div class=\"vc_column-inner\"><div class=\"wpb_wrapper\">\n\t<div  class=\"wpb_single_image wpb_content_element vc_align_center wpb_content_element\">\n\t\t<h2 class=\"wpb_heading wpb_singleimage_heading\">Setup with P2CS<\/h2>\n\t\t<figure class=\"wpb_wrapper vc_figure\">\n\t\t\t<div class=\"vc_single_image-wrapper   vc_box_border_grey\"><img width=\"800\" height=\"600\" src=\"https:\/\/biophysical-tools.de\/wp-content\/uploads\/2021\/05\/Setup_P2CS.png\" class=\"vc_single_image-img attachment-large\" alt=\"Setup P2CS\" loading=\"lazy\" title=\"Setup_P2CS\" srcset=\"https:\/\/biophysical-tools.de\/wp-content\/uploads\/2021\/05\/Setup_P2CS.png 800w, https:\/\/biophysical-tools.de\/wp-content\/uploads\/2021\/05\/Setup_P2CS-300x225.png 300w, https:\/\/biophysical-tools.de\/wp-content\/uploads\/2021\/05\/Setup_P2CS-768x576.png 768w, https:\/\/biophysical-tools.de\/wp-content\/uploads\/2021\/05\/Setup_P2CS-16x12.png 16w, https:\/\/biophysical-tools.de\/wp-content\/uploads\/2021\/05\/Setup_P2CS-100x75.png 100w\" sizes=\"(max-width: 800px) 100vw, 800px\" \/><\/div>\n\t\t<\/figure>\n\t<\/div>\n\n\t<div class=\"wpb_text_column wpb_content_element\" >\n\t\t<div class=\"wpb_wrapper\">\n\t\t\t<h4>Aufbau mit P<sup>2<\/sup>CS<\/h4>\n<p>Der dargestellte Aufbau besteht aus:<\/p>\n<ul>\n<li>Druckregler<\/li>\n<li><a href=\"https:\/\/biophysical-tools.de\/de\/products__trashed\/pressure-and-vacuum-source-pvs\/\">Druck- und Vakuumquelle (PVS)\u00a0<\/a><\/li>\n<li><a href=\"https:\/\/biophysical-tools.de\/de\/products__trashed\/microfluidic-accessories\/\">Halterung f\u00fcr Vorratsbeh\u00e4lter (CMU)<\/a><\/li>\n<li>PC<\/li>\n<li>mikrofluidischer Chip<\/li>\n<li>Kamera<\/li>\n<\/ul>\n\n\t\t<\/div>\n\t<\/div>\n<\/div><\/div><\/div><div class=\"wpb_column vc_column_container vc_col-sm-6\"><div class=\"vc_column-inner\"><div class=\"wpb_wrapper\">\n\t<div  class=\"wpb_single_image wpb_content_element vc_align_center wpb_content_element\">\n\t\t<h2 class=\"wpb_heading wpb_singleimage_heading\">Droplet Generation with P2CS<\/h2>\n\t\t<figure class=\"wpb_wrapper vc_figure\">\n\t\t\t<div class=\"vc_single_image-wrapper   vc_box_border_grey\"><img width=\"600\" height=\"400\" src=\"https:\/\/biophysical-tools.de\/wp-content\/uploads\/2021\/05\/Droplets_P2CS.png\" class=\"vc_single_image-img attachment-large\" alt=\"\" loading=\"lazy\" title=\"Droplets_P2CS\" srcset=\"https:\/\/biophysical-tools.de\/wp-content\/uploads\/2021\/05\/Droplets_P2CS.png 600w, https:\/\/biophysical-tools.de\/wp-content\/uploads\/2021\/05\/Droplets_P2CS-300x200.png 300w, https:\/\/biophysical-tools.de\/wp-content\/uploads\/2021\/05\/Droplets_P2CS-16x12.png 16w, https:\/\/biophysical-tools.de\/wp-content\/uploads\/2021\/05\/Droplets_P2CS-100x67.png 100w\" sizes=\"(max-width: 600px) 100vw, 600px\" \/><\/div>\n\t\t<\/figure>\n\t<\/div>\n<div class=\"vc_empty_space\"   style=\"height: 32px\"><span class=\"vc_empty_space_inner\"><\/span><\/div>\n\t<div class=\"wpb_text_column wpb_content_element\" >\n\t\t<div class=\"wpb_wrapper\">\n\t\t\t<h4>Tropfenerzeugung mit P<sup>2<\/sup>CS<\/h4>\n<p>Die <a href=\"https:\/\/biophysical-tools.de\/de\/products__trashed\/pressure-driven-flow-control\/\">Tropfenerzeugung<\/a> unter dem Einsatz des Druckreglers P<sup>2<\/sup>CS kann typischerweise mit Zweiphasensystemen realisiert werden, z. B. \u00d6l-in-Wasser, Luft-in-Wasser oder umgekehrt. Grunds\u00e4tzlich verwenden wir T-, Y- oder Kreuzgeometrie oder kompliziertere Kanalanordnungen f\u00fcr die Situation, wenn zus\u00e4tzliche Medien sp\u00e4ter zugef\u00fchrt werden sollen, z. B. Injektion einer Substanz in einen Tropfen.<\/p>\n\n\t\t<\/div>\n\t<\/div>\n<\/div><\/div><\/div><\/div><div class=\"vc_row wpb_row vc_row-fluid\"><div class=\"wpb_column vc_column_container vc_col-sm-6\"><div class=\"vc_column-inner\"><div class=\"wpb_wrapper\">\n\t<div class=\"wpb_text_column wpb_content_element\" >\n\t\t<div class=\"wpb_wrapper\">\n\t\t\t<h4 style=\"text-align: center;\">Anwendungen mit P<sup>2<\/sup>CS<\/h4>\n<p>\u2713 Druckgetriebene Steuerung in mikrofluidischen Anwendungen, z.B. Lab-on-a-Chip, Organ-on-a-Chip, Point of Care, aber auch in Kapillaren oder R\u00f6hrchen.<br \/>\n\u2713 Tr\u00f6pfchenerzeugung \/ Tr\u00f6pfchenbildung, z.B. in biphasigen Systemen.<br \/>\n\u2713 Transport von Tr\u00f6pfchen, Zellen oder anderen Molek\u00fclen im Mikrofluidik-Chip oder in Kapillaren.<br \/>\n\u2713 Stoppen der Str\u00f6mung oder bidirektionale Str\u00f6mungen in der Mikrofluidik.<br \/>\n\u2713 Experimente bei niedriger Reynolds-Zahl.<br \/>\n\u2713 Orientierung von Polymeren und Nanotubes in Chips oder Kapillaren.<br \/>\n\u2713 Druckgetriebene Auslenkung von Membranen und Molek\u00fclen.<br \/>\n\u2713 Dynamische Perfusion w\u00e4hrend des Experiments (beispielsweise in der Elektrophysiologie), verschiedene mathematische Funktionen sind bereits integriert: Sinusfunktion, S\u00e4gezahnfunktion etc. f\u00fcr eine automatisierte Str\u00f6mungssteuerung.<\/p>\n\n\t\t<\/div>\n\t<\/div>\n<\/div><\/div><\/div><div class=\"wpb_column vc_column_container vc_col-sm-6\"><div class=\"vc_column-inner\"><div class=\"wpb_wrapper\">\n\t<div class=\"wpb_text_column wpb_content_element\" >\n\t\t<div class=\"wpb_wrapper\">\n\t\t\t<h4 style=\"text-align: center;\"><span style=\"color: #393836;\">Vorteile von P<sup>2<\/sup>CS<\/span><\/h4>\n<p>\u2713 Der Druckregler hat sowohl Druck als auch Vakuum in jedem Kanal. Daher kann der Fluss genauso schnell angehalten und wieder gestartet werden.<br \/>\n\u2713 Kein Kontakt mit Fl\u00fcssigkeiten, keine Verunreinigung, keine Reinigung erforderlich. Alle Fl\u00fcssigkeiten befinden sich extern auf dem Chip.<br \/>\n\u2713 Keine Verlangsamung der Systemdynamik bei extrem niedrigen Flussraten (bei niedrigen Reynoldszahlen).<br \/>\n\u2713 Das Standardmodell des Druckcontrollers erreicht die Str\u00f6mungsstabilisierung (100 mbar-Schritt) innerhalb von 17 ms, die Abfallzeit betr\u00e4gt ebenfalls 17 ms.<br \/>\nP<sup>2<\/sup>CS Plus erreicht 100 mbar innerhalb von 5 ms.<br \/>\n\u2713 Keine \u00dcberschwinger, keine Oszillationen.<br \/>\n\u2713 Der Druckregler P<sup>2<\/sup>CS Plus wird mit Klartextbefehlen gesteuert. Dadurch kann die Steuerung des Controllers in fast alle Softwarel\u00f6sungen wie LabVIEW, MatLab, scilab oder Eigenentwicklungen integriert werden kann.<br \/>\n\u2713 Der Druckregler P<sup>2<\/sup>CS arbeitet in Echtzeit (d.h. Pulse haben exakt die gleiche L\u00e4nge).<\/p>\n\n\t\t<\/div>\n\t<\/div>\n<\/div><\/div><\/div><\/div><div class=\"vc_row wpb_row vc_row-fluid\"><div class=\"wpb_column vc_column_container vc_col-sm-8\"><div class=\"vc_column-inner\"><div class=\"wpb_wrapper\">\n\t<div class=\"wpb_text_column wpb_content_element\" >\n\t\t<div class=\"wpb_wrapper\">\n\t\t\t<div class=\"su-accordion su-u-trim\"><\/div><div class=\"su-spoiler su-spoiler-style-fancy su-spoiler-icon-plus su-spoiler-closed\" data-scroll-offset=\"0\" data-anchor-in-url=\"no\"><div class=\"su-spoiler-title\" tabindex=\"0\" role=\"button\"><span class=\"su-spoiler-icon\"><\/span>Kann der Druckregler angepasst werden?<\/div><div class=\"su-spoiler-content su-u-clearfix su-u-trim\"><span style=\"color: #000000;\"><span lang=\"en-US\">Wir<\/span><\/span><span style=\"color: #000000;\"><span lang=\"en-US\">e<\/span><\/span><span style=\"color: #000000;\"><span lang=\"en-US\"> k\u00f6nnen die Firmware im Ger\u00e4t flexibel anpassen <\/span><\/span><span style=\"color: #000000;\"><span lang=\"en-US\">and <\/span><\/span><span style=\"color: #000000;\"><span lang=\"en-US\">eine Reihe von individuellen Anpassungen von unseren mikrofluidischen Systemen vornehmen<\/span><\/span>.<\/div><\/div><br \/>\n<div class=\"su-accordion su-u-trim\"><\/div><div class=\"su-spoiler su-spoiler-style-fancy su-spoiler-icon-plus su-spoiler-closed\" data-scroll-offset=\"0\" data-anchor-in-url=\"no\"><div class=\"su-spoiler-title\" tabindex=\"0\" role=\"button\"><span class=\"su-spoiler-icon\"><\/span>Warum sind die Antwortzeit und Flankensteilheit so wichtig?<\/div><div class=\"su-spoiler-content su-u-clearfix su-u-trim\">Die schnelle Reaktion des Druckcontrollers f\u00fchrt zu einem stabileren und konstanteren Fluss, da geringe St\u00f6rungen rascher kompensiert werden.<br \/>\nZum Beispiel beim FACS: Die Zellen sollen durch den Mikrokanal geschickt werden. Sie halten die Zellen im Fokus des Mikroskops an. Nun werden die Messungen durchgef\u00fchrt. Anschlie\u00dfend entfernen Sie die Zellen und leiten Sie die n\u00e4chste Zelle ein.<br \/>\nDas Screening kann dank hohen und niedrigen Dr\u00fccken sp\u00fcrbar beschleunigt werden.<\/div><\/div><div class=\"su-accordion su-u-trim\"><\/div><div class=\"su-spoiler su-spoiler-style-fancy su-spoiler-icon-plus su-spoiler-closed\" data-scroll-offset=\"0\" data-anchor-in-url=\"no\"><div class=\"su-spoiler-title\" tabindex=\"0\" role=\"button\"><span class=\"su-spoiler-icon\"><\/span>Wie k\u00f6nnen Transienten eines dynamischen Systems korrekt charakterisiert werden?<br \/>\nWarum ist es nicht korrekt, das System nur mit der Einschwingzeit zu charakterisieren?<\/div><div class=\"su-spoiler-content su-u-clearfix su-u-trim\">Wenn man die Flussgeschwindigkeit \u00e4ndern m\u00f6chte, m\u00f6chte man wissen, wie lange es dauern kann, bis der neue Wert stabilisiert wird. Was bedeutet denn in diesem Zusammenhang \"stabil\"?<br \/>\nVielleicht dann, wenn der gemessene Wert zum ersten oder zweiten Mal dem gew\u00fcnschten Wert entspricht? Dies kann leicht realisiert werden, indem man das System so einstellt, dass es zu \"nerv\u00f6s\" wird, d.h. mit Tendenz zum \u00dcberschwingen.<\/p>\n<p>Was hei\u00dft Einschwingzeit?<br \/>\n<span style=\"color: #436bb8;\"><a href=\"http:\/\/en.wikipedia.org\/wiki\/Settling_time\" target=\"_blank\" rel=\"noopener noreferrer\"><span style=\"color: #436bb8;\">Klicken Sie hier, um eine ausf\u00fchrliche Erl\u00e4uterung auf einer informativen Seite von Wikipedia nachzulesen.<\/span><\/a><\/span><\/p>\n<p>Die Einschwingzeit h\u00e4ngt stark von den Einstellungen der Regelung ab und ist daher ziemlich willk\u00fcrlich.<br \/>\nDer Ingenieur kann die Einschwingzeit auf jeden beliebigen Wert einstellen, wenn er die \u00dcberschwingungsdynamik au\u00dfer Acht l\u00e4sst.<\/p>\n<p>Der Idealfall w\u00e4re, dass die beobachtete Gr\u00f6\u00dfe (der Druck) schnell, aber sanft ansteigt, bis sie den neuen Wert erreicht und sich dort einstellt. <strong>Das konnten wir in unserem Druckregler P<sup>2<\/sup>CS<\/strong>umsetzen. Daher behaupten wir, dass die Dynamik von P<sup>2<\/sup>CS nur von solchen Gr\u00f6\u00dfen wie Material- und Luftkompressibilit\u00e4t und den Totvolumina der Ventile und Manifolds abh\u00e4ngt. In anderen Punkten ist das System ausschlie\u00dflich durch physikalische Gesetze eingeschr\u00e4nkt (Kausalit\u00e4t).<\/p>\n<p>Das Problem ist nun, wie man die \u00dcbergangszeit in einer gut definierten Weise charakterisieren kann: Theoretisch gesehen, ist die Einschwingzeit in diesem Fall unendlich und nutzlos.<br \/>\nDie L\u00f6sung besteht darin, den Druckcontroller mit der Anstiegs- und Abfallzeit zu charakterisieren (s. die n\u00e4chste FAQ).<\/div><\/div><div class=\"su-accordion su-u-trim\"><\/div><div class=\"su-spoiler su-spoiler-style-fancy su-spoiler-icon-plus su-spoiler-closed\" data-scroll-offset=\"0\" data-anchor-in-url=\"no\"><div class=\"su-spoiler-title\" tabindex=\"0\" role=\"button\"><span class=\"su-spoiler-icon\"><\/span>Wie charakterisieren wir die Dynamik von P<sup>2<\/sup>CS anhand der Anstiegs-\/Abfallszeit?<\/div><div class=\"su-spoiler-content su-u-clearfix su-u-trim\">Vorab die Frage: Was bedeutet die Anstiegs- und Abfallzeit?<br \/>\n<span style=\"color: #436bb8;\"><a href=\"http:\/\/en.wikipedia.org\/wiki\/Rise_time\" target=\"_blank\" rel=\"noopener noreferrer\"><span style=\"color: #436bb8;\">Klicken Sie hier, um eine ausf\u00fchrliche Erl\u00e4uterung auf einer informativen Seite von Wikipedia nachzulesen.<\/span><\/a><\/span><\/p>\n<p>P2CS hat keine \u00dcberschwinger und der Fluss steigt\/sinkt, bis der gew\u00fcnschte Wert erreicht wird.<\/p>\n<p>Die Anstiegs-\/Abfallszeit gibt jedoch die \u00dcbergangsdauer zwischen 10% und 90% der Differenz von Druck und Flussrate an. Diese Werte sind durch Konvention festgelegt.<\/p>\n<p>In der Physik verwendet man oft die Zahl 1\/e, um die Zeitskala f\u00fcr die exponentielle Ann\u00e4herung an den Endwert zu charakterisieren.<\/p>\n<p>Diese zwei Ma\u00dfe k\u00f6nnen durch t<sub>1\/e<\/sub> = t<sub>10%<\/sub> \/ ln(10) konvertiert werden (numerischer Wert von ln(10) ~2.3).<\/div><\/div><div class=\"su-accordion su-u-trim\"><\/div><div class=\"su-spoiler su-spoiler-style-fancy su-spoiler-icon-plus su-spoiler-closed\" data-scroll-offset=\"0\" data-anchor-in-url=\"no\"><div class=\"su-spoiler-title\" tabindex=\"0\" role=\"button\"><span class=\"su-spoiler-icon\"><\/span>Was bedeutet \u00dcberschwinger?<\/div><div class=\"su-spoiler-content su-u-clearfix su-u-trim\">Bei herk\u00f6mmlichen Ger\u00e4ten auf dem Markt kann man ged\u00e4mpfte Oszillationen beobachten, bevor das Objekt seine Position im Mikroskopiebild stabilisiert.<\/p>\n<p>Dies r\u00fchrt vom klassischen Steuerungsverfahren, auch als PID bekannt (<span style=\"color: #436bb8;\"><a href=\"http:\/\/en.wikipedia.org\/wiki\/PID_controller\" target=\"_blank\" rel=\"noopener noreferrer\"><span style=\"color: #436bb8;\">Klicken Sie hier, um mehr \u00fcber PID auf der Website von Wikipedia nachzulesen<\/span><\/a><\/span>), und nichtlinearer Antwortzeit des Systems her.<br \/>\nFalls Sie zu enge PID-Parameter einstellen, erscheinen \u00dcberschwinger. Es \u00e4hnelt dem harmonischen Oszillator mit zu niedriger D\u00e4mpfungskonstante.<br \/>\nSollten die Parameter so eingestellt werden, dass die \u00dcberschwinger verschwinden, wird die Einschwingszeit des Systems wesentlich langsamer. Es besteht keine M\u00f6glichkeit, diese Einschr\u00e4nkung zu umgehen - es ist physikalisches Gesetz!<br \/>\nAus diesem Grund haben wir ein neues Steuerungsverfahren entwickelt, mit dem solche Artefakte beseitigt werden k\u00f6nnen und das sp\u00fcrbar die Antwortzeit sowohl f\u00fcr die Anstiegs- als auch die Abfallsflanke optimiert.<\/p>\n<p>Das Ergebnis wird Sie \u00fcberraschen: Man bekommt das Gef\u00fchl, als ob man Zellen direkt mit der Hand bewegen w\u00fcrde.<\/p>\n<p>Zwei Druckstufen brauchen Sie, wenn ...<\/p>\n<ul>\n<li>Sie eine sehr pr\u00e4zise Kontrolle ben\u00f6tigen, Objekte (beispielsweise Zellen und Molek\u00fcle) stoppen und diese unmittelbar danach fast bewegen m\u00f6chten, um das n\u00e4chste Objekt ins Bild zu bekommen, oder<\/li>\n<li>Sie Scherstr\u00f6mungen \u00fcber sechs Gr\u00f6\u00dfenordnungen untersuchen m\u00f6chten<\/li>\n<li>Sie mit kleinen Kan\u00e4len unterschiedlichster L\u00e4ngen und Gr\u00f6\u00dfen arbeiten<\/li>\n<li>Sie gro\u00dfe und sehr kleine Kan\u00e4le (Messe- und Mikrofluidik) mischen<\/li>\n<li>Sie R\u00fcckst\u00e4nde von toten Zellen oder Staub aus dem Kanal entfernen m\u00f6chten, ohne den Chip vom Setup abzubauen.<\/li>\n<\/ul>\n<p>Don&#8217;t hesitate to contact us.<\/div><\/div>\n\n\t\t<\/div>\n\t<\/div>\n<\/div><\/div><\/div><div class=\"wpb_column vc_column_container vc_col-sm-4\"><div class=\"vc_column-inner\"><div class=\"wpb_wrapper\">\n\t<div class=\"wpb_text_column wpb_content_element\" >\n\t\t<div class=\"wpb_wrapper\">\n\t\t\t<h4><strong>Weitere Produktinformationen<\/strong><\/h4>\n\n\t\t<\/div>\n\t<\/div>\n<div class=\"vc_btn3-container vc_btn3-inline vc_do_btn\" ><a class=\"vc_general vc_btn3 vc_btn3-size-md vc_btn3-shape-rounded vc_btn3-style-modern vc_btn3-color-vista-blue\" href=\"https:\/\/biophysical-tools.de\/wp-content\/uploads\/2021\/07\/Produktkatalog_2021_v2-2021-07-15.pdf\" title=\"Produktkatalog\">Produktatalog mit weiteren Informationen herunterladen.<\/a><\/div><\/div><\/div><\/div><\/div>\n<\/div>","protected":false},"excerpt":{"rendered":"Precise and Stable Pressure-Driven Flow Control in Microchannels \u2013 P2CS! Do you want to push and pull the liquid on a chip or in a capillary gently? Do you want to stop the flow at the place where you can observe it in an optimal way? Do you want to be independent of the volume&hellip;","protected":false},"author":1,"featured_media":0,"parent":0,"menu_order":9,"comment_status":"closed","ping_status":"closed","template":"","meta":[],"_links":{"self":[{"href":"https:\/\/biophysical-tools.de\/de\/wp-json\/wp\/v2\/pages\/1671"}],"collection":[{"href":"https:\/\/biophysical-tools.de\/de\/wp-json\/wp\/v2\/pages"}],"about":[{"href":"https:\/\/biophysical-tools.de\/de\/wp-json\/wp\/v2\/types\/page"}],"author":[{"embeddable":true,"href":"https:\/\/biophysical-tools.de\/de\/wp-json\/wp\/v2\/users\/1"}],"replies":[{"embeddable":true,"href":"https:\/\/biophysical-tools.de\/de\/wp-json\/wp\/v2\/comments?post=1671"}],"version-history":[{"count":18,"href":"https:\/\/biophysical-tools.de\/de\/wp-json\/wp\/v2\/pages\/1671\/revisions"}],"predecessor-version":[{"id":2911,"href":"https:\/\/biophysical-tools.de\/de\/wp-json\/wp\/v2\/pages\/1671\/revisions\/2911"}],"wp:attachment":[{"href":"https:\/\/biophysical-tools.de\/de\/wp-json\/wp\/v2\/media?parent=1671"}],"curies":[{"name":"wp","href":"https:\/\/api.w.org\/{rel}","templated":true}]}}