{"id":1730,"date":"2016-02-07T18:40:13","date_gmt":"2016-02-07T16:40:13","guid":{"rendered":"http:\/\/biophysical-tools.de\/?page_id=1730"},"modified":"2025-12-26T23:37:29","modified_gmt":"2025-12-26T21:37:29","slug":"biophysical-tools-your-expert-in-microfluidic-flow-control-and-fluid-dynamics","status":"publish","type":"page","link":"https:\/\/biophysical-tools.de\/de\/","title":{"rendered":"Biophysical Tools &#8211; Your Expert in Microfluidic Flow Control and Fluid Dynamics"},"content":{"rendered":"<div class=\"wpb-content-wrapper\"><div class=\"vc_row wpb_row vc_row-fluid\"><div class=\"wpb_column vc_column_container vc_col-sm-12\"><div class=\"vc_column-inner\"><div class=\"wpb_wrapper\"><\/div><\/div><\/div><\/div><div class=\"vc_row wpb_row vc_row-fluid vc_custom_1630703098156 vc_row-has-fill vc_row-o-equal-height vc_row-o-content-top vc_row-flex\"><div class=\"wpb_column vc_column_container vc_col-sm-12\"><div class=\"vc_column-inner\"><div class=\"wpb_wrapper\">\n\t<div  class=\"wpb_single_image wpb_content_element vc_align_left wpb_content_element\">\n\t\t\n\t\t<figure class=\"wpb_wrapper vc_figure\">\n\t\t\t<div class=\"vc_single_image-wrapper vc_box_rounded  vc_box_border_grey\"><img width=\"1240\" height=\"500\" src=\"https:\/\/biophysical-tools.de\/wp-content\/uploads\/2024\/06\/1240_500_Need_Microfluidic_Flow_Control_Setup.png\" class=\"vc_single_image-img attachment-full\" alt=\"Need flow\" loading=\"lazy\" title=\"1240_500_Need_Microfluidic_Flow_Control_Setup\" srcset=\"https:\/\/biophysical-tools.de\/wp-content\/uploads\/2024\/06\/1240_500_Need_Microfluidic_Flow_Control_Setup.png 1240w, https:\/\/biophysical-tools.de\/wp-content\/uploads\/2024\/06\/1240_500_Need_Microfluidic_Flow_Control_Setup-300x121.png 300w, https:\/\/biophysical-tools.de\/wp-content\/uploads\/2024\/06\/1240_500_Need_Microfluidic_Flow_Control_Setup-1024x413.png 1024w, https:\/\/biophysical-tools.de\/wp-content\/uploads\/2024\/06\/1240_500_Need_Microfluidic_Flow_Control_Setup-768x310.png 768w, https:\/\/biophysical-tools.de\/wp-content\/uploads\/2024\/06\/1240_500_Need_Microfluidic_Flow_Control_Setup-18x7.png 18w\" sizes=\"(max-width: 1240px) 100vw, 1240px\" \/><\/div>\n\t\t<\/figure>\n\t<\/div>\n<\/div><\/div><\/div><\/div><div class=\"vc_row wpb_row vc_row-fluid\"><div class=\"wpb_column vc_column_container vc_col-sm-8\"><div class=\"vc_column-inner\"><div class=\"wpb_wrapper\"><div class=\"vc_empty_space\"   style=\"height: 32px\"><span class=\"vc_empty_space_inner\"><\/span><\/div>\n\t<div class=\"wpb_text_column wpb_content_element\" >\n\t\t<div class=\"wpb_wrapper\">\n\t\t\t<p>Die Biophysical Tools GmbH ist Ihr kompetenter Partner f\u00fcr Mikrofluidik - von der Versuchsplanung bis zur Durchf\u00fchrung. Wir sind Experten <strong>f\u00fcr die ultrapr\u00e4zise und -schnelle Str\u00f6mungskontrolle von Fluiden<\/strong> (Fl\u00fcssigkeiten und Gasen) in der Mikro- und Mesofluidik, die im Fokus unserer beiden f\u00fchrenden Produktgruppen steht, sowie f\u00fcr die Automatisierung und Miniaturisierung von Versuchsprotokollen, bei denen Fluidik eine Rolle spielt.<\/p>\n<div class=\"column\">\n<p>Unser Ziel sind <strong>hochpr\u00e4zise Standards f\u00fcr quantitative Messungen<\/strong> in der Biophysik, Biochemie, Biologie und Medizin. Zudem verfolgen wir Open-Source-Ansatz f\u00fcr die Systemsteuerung, d.h. wir stellen neben der propri\u00e4teren GUI auch Open-Source-GUIs mit dem Sourcecode zur Verf\u00fcgung. Wir integrieren unsere Produkte in Ihre IT-Umgebung und entwickeln automatische Protokolle f\u00fcr die Durchf\u00fchrung Ihrer spezifischen Experimente.<\/p>\n<\/div>\n\n\t\t<\/div>\n\t<\/div>\n<div class=\"vc_empty_space\"   style=\"height: 32px\"><span class=\"vc_empty_space_inner\"><\/span><\/div>\n\t<div class=\"wpb_text_column wpb_content_element\" >\n\t\t<div class=\"wpb_wrapper\">\n\t\t\t<p>Sie erhalten Ger\u00e4te f\u00fcr die Mikrofluidik, die eine <strong>stabile<\/strong>\u00a0and\u00a0<a href=\"https:\/\/biophysical-tools.de\/de\/microfluidic-flow-control-precision-pressure-control-system\/\"><strong>druckbasierte<\/strong><\/a>\u00a0Str\u00f6mungskontrolle in der Mikrofluidik und Mesofluidik f\u00fcr die Biologie, Segmented Chemistry, medizinische Forschung, Biophysik und mehr sicherstellen. Unsere Ziele sind h\u00f6chste Pr\u00e4zision der Messungen im Mikrobereich, Vereinfachung der Integration der Komponenten in diverse Laborumgebungen, Innovation und Benutzerfreundlichkeit.<\/p>\n<p>Wenn Sie wissen wollen, wie man Durchfluss, Volumen- oder Massenstrom berechnet oder welches Chipdesign f\u00fcr Ihr spezielles Experiment am besten geeignet ist, lassen Sie uns gemeinsam nach dem optimalen Ansatz suchen. Wir\u00a0<a href=\"https:\/\/biophysical-tools.de\/de\/services\/\"><strong>simulieren Str\u00f6mungen<\/strong><\/a>,\u00a0<a href=\"https:\/\/biophysical-tools.de\/de\/services\/\"><strong>entwickeln Modelle<\/strong><\/a>\u00a0und k\u00f6nnen Ihre Ideen als\u00a0<a href=\"https:\/\/biophysical-tools.de\/de\/services\/\"><strong>Rapid Prototyping umsetzen<\/strong><\/a>.<\/p>\n\n\t\t<\/div>\n\t<\/div>\n<\/div><\/div><\/div><div class=\"wpb_column vc_column_container vc_col-sm-4\"><div class=\"vc_column-inner\"><div class=\"wpb_wrapper\">\n\t<div class=\"wpb_text_column wpb_content_element\" >\n\t\t<div class=\"wpb_wrapper\">\n\t\t\t\n\t\t<\/div>\n\t<\/div>\n<div class=\"vc_btn3-container vc_btn3-inline vc_do_btn\" ><a class=\"vc_general vc_btn3 vc_btn3-size-md vc_btn3-shape-rounded vc_btn3-style-modern vc_btn3-color-vista-blue\" href=\"https:\/\/biophysical-tools.de\/wp-content\/uploads\/2023\/02\/Produktkatalog_2023_v4-2023-02-14_web.pdf\" title=\"Produktkatalog\" target=\"_blank\">Katalog herunterladen<\/a><\/div><div class=\"vc_empty_space\"   style=\"height: 32px\"><span class=\"vc_empty_space_inner\"><\/span><\/div>\n\t<div class=\"wpb_text_column wpb_content_element\" >\n\t\t<div class=\"wpb_wrapper\">\n\t\t\t<p>Melden Sie sich f\u00fcr unseren Newsletter an, um auf dem Laufenden zu bleiben.<\/p>\n\n\t\t<\/div>\n\t<\/div>\n\n\t<div class=\"wpb_raw_code wpb_raw_html wpb_content_element\" >\n\t\t<div class=\"wpb_wrapper\">\n\t\t\t<div class=\"tnp tnp-subscription\">\n<form method=\"post\" action=\"https:\/\/biophysical-tools.de\/de\/?na=s\" data-trp-original-action=\"https:\/\/biophysical-tools.de\/?na=s\">\n\n<input type=\"hidden\" name=\"nlang\" value=\"\"><div class=\"tnp-field tnp-field-email\"><label for=\"tnp-email\">Email<\/label>\n<input class=\"tnp-email\" type=\"email\" name=\"ne\" value=\"\" required><\/div>\n<div class=\"tnp-field tnp-privacy-field\"><label><input type=\"checkbox\" name=\"ny\" required class=\"tnp-privacy\">&nbsp;<a target=\"_blank\" href=\"https:\/\/biophysical-tools.de\/de\/legal-disclaimer\/\">Durchs Klicken akzeptieren Sie unsere Datenschutzbestimmungen.<\/a><\/label><\/div><div class=\"tnp-field tnp-field-button\"><input class=\"tnp-submit\" type=\"submit\" value=\"Anmelden\" >\n<\/div>\n<input type=\"hidden\" name=\"trp-form-language\" value=\"de\"\/><\/form>\n<\/div>\n\t\t<\/div>\n\t<\/div>\n<\/div><\/div><\/div><\/div><div class=\"vc_row wpb_row vc_row-fluid\"><div class=\"wpb_column vc_column_container vc_col-sm-12\"><div class=\"vc_column-inner\"><div class=\"wpb_wrapper\"><div id=\"ts-vcsc-divider-9992881\" class=\"ts-divider-holder\"  data-border-width=\"1\" data-margin-top=\"-15\" data-margin-bottom=\"18\" style=\"margin-top: -15px; margin-bottom: 18px;\"><div class=\"ts-divider-lines\" style=\"width: 100%; border-bottom: 1px solid #eeeeee;;\"><div class=\"ts-divider-text center\" style=\"font-size: 20px; line-height: 25px;\"><div class=\"ts-center-help\" style=\"background: #ffffff; font-size: 20px; line-height: 25px; color: #676767; margin-top: 0.5px;\">Products &amp; Services<\/div><\/div><\/div><\/div><div class=\"wpb_gallery wpb_content_element vc_clearfix vc_custom_1694636565338 wpb_content_element\" ><div class=\"wpb_wrapper\"><div class=\"wpb_gallery_slides wpb_image_grid\" data-interval=\"3\"><ul class=\"wpb_image_grid_ul\"><li class=\"isotope-item\"><a href=\"https:\/\/biophysical-tools.de\/de\/microfluidic-flow-control-precision-pressure-control-system\/\" target=\"_self\"><img width=\"300\" height=\"200\" src=\"https:\/\/biophysical-tools.de\/wp-content\/uploads\/2019\/01\/P2CS_blau_freigestellt-1-300x200.png\" class=\"attachment-medium\" alt=\"\" loading=\"lazy\" title=\"P2CS_blau_freigestellt\" srcset=\"https:\/\/biophysical-tools.de\/wp-content\/uploads\/2019\/01\/P2CS_blau_freigestellt-1-300x200.png 300w, https:\/\/biophysical-tools.de\/wp-content\/uploads\/2019\/01\/P2CS_blau_freigestellt-1-768x512.png 768w, https:\/\/biophysical-tools.de\/wp-content\/uploads\/2019\/01\/P2CS_blau_freigestellt-1-100x67.png 100w, https:\/\/biophysical-tools.de\/wp-content\/uploads\/2019\/01\/P2CS_blau_freigestellt-1-865x576.png 865w, https:\/\/biophysical-tools.de\/wp-content\/uploads\/2019\/01\/P2CS_blau_freigestellt-1.png 893w\" sizes=\"(max-width: 300px) 100vw, 300px\" \/><\/a><\/li><li class=\"isotope-item\"><a href=\"https:\/\/biophysical-tools.de\/de\/pressure-and-vacuum-source-pvs\/\" target=\"_self\"><img width=\"300\" height=\"225\" src=\"https:\/\/biophysical-tools.de\/wp-content\/uploads\/2019\/10\/PVS_4_back_web-300x225.png\" class=\"attachment-medium\" alt=\"Pressure and vacuum source\" loading=\"lazy\" title=\"PVS_4_back_web\" srcset=\"https:\/\/biophysical-tools.de\/wp-content\/uploads\/2019\/10\/PVS_4_back_web-300x225.png 300w, https:\/\/biophysical-tools.de\/wp-content\/uploads\/2019\/10\/PVS_4_back_web-768x576.png 768w, https:\/\/biophysical-tools.de\/wp-content\/uploads\/2019\/10\/PVS_4_back_web-1024x768.png 1024w, https:\/\/biophysical-tools.de\/wp-content\/uploads\/2019\/10\/PVS_4_back_web-100x75.png 100w, https:\/\/biophysical-tools.de\/wp-content\/uploads\/2019\/10\/PVS_4_back_web-865x649.png 865w, https:\/\/biophysical-tools.de\/wp-content\/uploads\/2019\/10\/PVS_4_back_web-1184x888.png 1184w\" sizes=\"(max-width: 300px) 100vw, 300px\" \/><\/a><\/li><li class=\"isotope-item\"><a href=\"https:\/\/biophysical-tools.de\/de\/fluid-switch-fs\/\" target=\"_self\"><img width=\"300\" height=\"144\" src=\"https:\/\/biophysical-tools.de\/wp-content\/uploads\/2023\/09\/FS_PH_Panel_AUX_ohne_Aufschrift-300x144.png\" class=\"attachment-medium\" alt=\"Fluid Switch\" loading=\"lazy\" title=\"FS_PH_Panel_AUX_ohne_Aufschrift\" srcset=\"https:\/\/biophysical-tools.de\/wp-content\/uploads\/2023\/09\/FS_PH_Panel_AUX_ohne_Aufschrift-300x144.png 300w, https:\/\/biophysical-tools.de\/wp-content\/uploads\/2023\/09\/FS_PH_Panel_AUX_ohne_Aufschrift-1024x492.png 1024w, https:\/\/biophysical-tools.de\/wp-content\/uploads\/2023\/09\/FS_PH_Panel_AUX_ohne_Aufschrift-768x369.png 768w, https:\/\/biophysical-tools.de\/wp-content\/uploads\/2023\/09\/FS_PH_Panel_AUX_ohne_Aufschrift-1536x737.png 1536w, https:\/\/biophysical-tools.de\/wp-content\/uploads\/2023\/09\/FS_PH_Panel_AUX_ohne_Aufschrift-18x9.png 18w, https:\/\/biophysical-tools.de\/wp-content\/uploads\/2023\/09\/FS_PH_Panel_AUX_ohne_Aufschrift.png 2000w\" sizes=\"(max-width: 300px) 100vw, 300px\" \/><\/a><\/li><li class=\"isotope-item\"><a href=\"https:\/\/biophysical-tools.de\/de\/micro-perfusion-system-kit-mps-8\/\" target=\"_self\"><img width=\"300\" height=\"200\" src=\"https:\/\/biophysical-tools.de\/wp-content\/uploads\/2021\/03\/Controller-und-Kopf-300x200.png\" class=\"attachment-medium\" alt=\"MPS-X\" loading=\"lazy\" title=\"Controller und Kopf\" srcset=\"https:\/\/biophysical-tools.de\/wp-content\/uploads\/2021\/03\/Controller-und-Kopf-300x200.png 300w, https:\/\/biophysical-tools.de\/wp-content\/uploads\/2021\/03\/Controller-und-Kopf-1024x683.png 1024w, https:\/\/biophysical-tools.de\/wp-content\/uploads\/2021\/03\/Controller-und-Kopf-768x512.png 768w, https:\/\/biophysical-tools.de\/wp-content\/uploads\/2021\/03\/Controller-und-Kopf-1536x1024.png 1536w, https:\/\/biophysical-tools.de\/wp-content\/uploads\/2021\/03\/Controller-und-Kopf-2048x1365.png 2048w, https:\/\/biophysical-tools.de\/wp-content\/uploads\/2021\/03\/Controller-und-Kopf-100x67.png 100w, https:\/\/biophysical-tools.de\/wp-content\/uploads\/2021\/03\/Controller-und-Kopf-865x577.png 865w, https:\/\/biophysical-tools.de\/wp-content\/uploads\/2021\/03\/Controller-und-Kopf-1184x789.png 1184w\" sizes=\"(max-width: 300px) 100vw, 300px\" \/><\/a><\/li><li class=\"isotope-item\"><a href=\"https:\/\/biophysical-tools.de\/de\/m3-microfluidic-microscope-module\/\" target=\"_self\"><img width=\"300\" height=\"213\" src=\"https:\/\/biophysical-tools.de\/wp-content\/uploads\/2019\/10\/Mikroskopmodul_eloxiert_bearbeitet_web-300x213.png\" class=\"attachment-medium\" alt=\"Mikroskopmodul\" loading=\"lazy\" title=\"Mikroskopmodul_eloxiert_bearbeitet_web\" srcset=\"https:\/\/biophysical-tools.de\/wp-content\/uploads\/2019\/10\/Mikroskopmodul_eloxiert_bearbeitet_web-300x213.png 300w, https:\/\/biophysical-tools.de\/wp-content\/uploads\/2019\/10\/Mikroskopmodul_eloxiert_bearbeitet_web-768x546.png 768w, https:\/\/biophysical-tools.de\/wp-content\/uploads\/2019\/10\/Mikroskopmodul_eloxiert_bearbeitet_web-1024x728.png 1024w, https:\/\/biophysical-tools.de\/wp-content\/uploads\/2019\/10\/Mikroskopmodul_eloxiert_bearbeitet_web-100x71.png 100w, https:\/\/biophysical-tools.de\/wp-content\/uploads\/2019\/10\/Mikroskopmodul_eloxiert_bearbeitet_web-865x615.png 865w, https:\/\/biophysical-tools.de\/wp-content\/uploads\/2019\/10\/Mikroskopmodul_eloxiert_bearbeitet_web-1184x842.png 1184w\" sizes=\"(max-width: 300px) 100vw, 300px\" \/><\/a><\/li><li class=\"isotope-item\"><a href=\"https:\/\/biophysical-tools.de\/de\/microfluidic-accessories\/\" target=\"_self\"><img width=\"300\" height=\"225\" src=\"https:\/\/biophysical-tools.de\/wp-content\/uploads\/2019\/01\/Connector_Kit_web-300x225.png\" class=\"attachment-medium\" alt=\"\" loading=\"lazy\" title=\"Connector_Kit_web\" srcset=\"https:\/\/biophysical-tools.de\/wp-content\/uploads\/2019\/01\/Connector_Kit_web-300x225.png 300w, https:\/\/biophysical-tools.de\/wp-content\/uploads\/2019\/01\/Connector_Kit_web-768x576.png 768w, https:\/\/biophysical-tools.de\/wp-content\/uploads\/2019\/01\/Connector_Kit_web-1024x768.png 1024w, https:\/\/biophysical-tools.de\/wp-content\/uploads\/2019\/01\/Connector_Kit_web-100x75.png 100w, https:\/\/biophysical-tools.de\/wp-content\/uploads\/2019\/01\/Connector_Kit_web-865x649.png 865w, https:\/\/biophysical-tools.de\/wp-content\/uploads\/2019\/01\/Connector_Kit_web.png 1152w\" sizes=\"(max-width: 300px) 100vw, 300px\" \/><\/a><\/li><li class=\"isotope-item\"><a href=\"https:\/\/biophysical-tools.de\/de\/microfluidic-accessories\/\" target=\"_self\"><img width=\"300\" height=\"225\" src=\"https:\/\/biophysical-tools.de\/wp-content\/uploads\/2019\/10\/CMU_4ML_1_freigestellt_700px-300x225.png\" class=\"attachment-medium\" alt=\"CMU\" loading=\"lazy\" title=\"CMU_4ML_1_freigestellt_700px\" srcset=\"https:\/\/biophysical-tools.de\/wp-content\/uploads\/2019\/10\/CMU_4ML_1_freigestellt_700px-300x225.png 300w, https:\/\/biophysical-tools.de\/wp-content\/uploads\/2019\/10\/CMU_4ML_1_freigestellt_700px-100x75.png 100w, https:\/\/biophysical-tools.de\/wp-content\/uploads\/2019\/10\/CMU_4ML_1_freigestellt_700px.png 600w\" sizes=\"(max-width: 300px) 100vw, 300px\" \/><\/a><\/li><li class=\"isotope-item\"><a href=\"https:\/\/biophysical-tools.de\/de\/services\/\" target=\"_self\"><img width=\"300\" height=\"167\" src=\"https:\/\/biophysical-tools.de\/wp-content\/uploads\/2021\/08\/Figure_2_MIxing-300x167.png\" class=\"attachment-medium\" alt=\"Fluid Switch\" loading=\"lazy\" title=\"Figure_2_MIxing\" srcset=\"https:\/\/biophysical-tools.de\/wp-content\/uploads\/2021\/08\/Figure_2_MIxing-300x167.png 300w, https:\/\/biophysical-tools.de\/wp-content\/uploads\/2021\/08\/Figure_2_MIxing-1024x569.png 1024w, https:\/\/biophysical-tools.de\/wp-content\/uploads\/2021\/08\/Figure_2_MIxing-768x427.png 768w, https:\/\/biophysical-tools.de\/wp-content\/uploads\/2021\/08\/Figure_2_MIxing-18x10.png 18w, https:\/\/biophysical-tools.de\/wp-content\/uploads\/2021\/08\/Figure_2_MIxing-100x56.png 100w, https:\/\/biophysical-tools.de\/wp-content\/uploads\/2021\/08\/Figure_2_MIxing-865x483.png 865w, https:\/\/biophysical-tools.de\/wp-content\/uploads\/2021\/08\/Figure_2_MIxing-1184x662.png 1184w, https:\/\/biophysical-tools.de\/wp-content\/uploads\/2021\/08\/Figure_2_MIxing.png 1504w\" sizes=\"(max-width: 300px) 100vw, 300px\" \/><\/a><\/li><\/ul><\/div><\/div><\/div><\/div><\/div><\/div><\/div><div class=\"vc_row wpb_row vc_row-fluid\"><div class=\"wpb_column vc_column_container vc_col-sm-4\"><div class=\"vc_column-inner\"><div class=\"wpb_wrapper\"><\/div><\/div><\/div><div class=\"wpb_column vc_column_container vc_col-sm-4\"><div class=\"vc_column-inner\"><div class=\"wpb_wrapper\"><div class=\"vc_btn3-container vc_btn3-inline vc_do_btn\" ><a class=\"vc_general vc_btn3 vc_btn3-size-md vc_btn3-shape-rounded vc_btn3-style-modern vc_btn3-color-vista-blue\" href=\"https:\/\/biophysical-tools.de\/de\/contact-us\/\" title=\"Kontakt\">Kontaktieren Sie uns, um weitere Informationen zu erhalten.<\/a><\/div><\/div><\/div><\/div><div class=\"wpb_column vc_column_container vc_col-sm-4\"><div class=\"vc_column-inner\"><div class=\"wpb_wrapper\"><\/div><\/div><\/div><\/div><section class=\"vc_section\"><div class=\"vc_row wpb_row vc_row-fluid\"><div class=\"wpb_column vc_column_container vc_col-sm-12\"><div class=\"vc_column-inner\"><div class=\"wpb_wrapper\"><div id=\"ts-vcsc-divider-9080124\" class=\"ts-divider-holder\"  data-border-width=\"1\" data-margin-top=\"-15\" data-margin-bottom=\"18\" style=\"margin-top: -15px; margin-bottom: 18px;\"><div class=\"ts-divider-lines\" style=\"width: 100%; border-bottom: 1px solid #eeeeee;;\"><div class=\"ts-divider-text center\" style=\"font-size: 20px; line-height: 25px;\"><div class=\"ts-center-help\" style=\"background: #ffffff; font-size: 20px; line-height: 25px; color: #676767; margin-top: 0.5px;\">News<\/div><\/div><\/div><\/div><\/div><\/div><\/div><\/div><div class=\"vc_row wpb_row vc_row-fluid\"><div class=\"wpb_column vc_column_container vc_col-sm-6\"><div class=\"vc_column-inner\"><div class=\"wpb_wrapper\">\n\t<div class=\"wpb_text_column wpb_content_element\" >\n\t\t<div class=\"wpb_wrapper\">\n\t\t\t<ul>\n<li>New pressure and vacuum source version (PVS) developed. It reaches vacuum of approx. -900 mbar, is still silent and can be connected to supply the pressure controller P2CS.<\/li>\n<\/ul>\n\n\t\t<\/div>\n\t<\/div>\n\n\t<div class=\"wpb_text_column wpb_content_element\" >\n\t\t<div class=\"wpb_wrapper\">\n\t\t\t<ul>\n<li>Sowohl die Druckregelung als auch die Durchflusskontrolle sind nun \u00fcber dieselbe grafische Benutzeroberfl\u00e4che verf\u00fcgbar. Wir haben die Steuerung des Durchflusssensors in unsere Software integriert, so dass Sie w\u00e4hlen k\u00f6nnen, ob Sie den Druck oder den Durchfluss steuern m\u00f6chten.<\/li>\n<\/ul>\n\n\t\t<\/div>\n\t<\/div>\n<\/div><\/div><\/div><div class=\"wpb_column vc_column_container vc_col-sm-6\"><div class=\"vc_column-inner\"><div class=\"wpb_wrapper\">\n\t<div class=\"wpb_text_column wpb_content_element\" >\n\t\t<div class=\"wpb_wrapper\">\n\t\t\t<ul>\n<li>Theoretisch gibt es keine Begrenzung f\u00fcr die Fl\u00fcssigkeitsmenge, die mit einer druckgesteuerten Durchflussregelung bewegt werden kann. Die Regelung des P2CS-Druckreglers ist jedoch normalerweise auf kleine Fl\u00fcssigkeitsmengen eingestellt, was jedoch bei gr\u00f6\u00dferen Fl\u00fcssigkeitsmengen zu abklingenden Oszillationen nach einer \u00c4nderung des Sollwerts f\u00fchrt. Wir haben einen neuen Parameter eingef\u00fchrt, der eine \u00fcberschwingungsfreie Regelung des Durchflusses aus gro\u00dfen Reservoirs, z. B. 0,5 L - 1 L, erm\u00f6glicht. Dies bedeutet, dass ein System pL\/min und einen Moment sp\u00e4ter - bis zu ca. 200 mL\/min regeln kann. Dies erm\u00f6glicht eine Erweiterung der stabilen Druckregelung bei einem System auf verschiedene Volumina.<\/li>\n<\/ul>\n\n\t\t<\/div>\n\t<\/div>\n<\/div><\/div><\/div><\/div><\/section><div class=\"vc_row wpb_row vc_row-fluid\"><div class=\"wpb_column vc_column_container vc_col-sm-12\"><div class=\"vc_column-inner\"><div class=\"wpb_wrapper\"><div class=\"vc_empty_space\"   style=\"height: 32px\"><span class=\"vc_empty_space_inner\"><\/span><\/div><\/div><\/div><\/div><\/div><div class=\"vc_row wpb_row vc_row-fluid\"><div class=\"wpb_column vc_column_container vc_col-sm-12\"><div class=\"vc_column-inner\"><div class=\"wpb_wrapper\"><div class=\"vc-hoverbox-wrapper  vc_custom_1630684518082 vc-hoverbox-shape--rounded vc-hoverbox-align--center vc-hoverbox-direction--default vc-hoverbox-width--100\"  ontouchstart=\"\">\n  <div class=\"vc-hoverbox\">\n    <div class=\"vc-hoverbox-inner\">\n      <div class=\"vc-hoverbox-block vc-hoverbox-front\" style=\"background-image: url(https:\/\/biophysical-tools.de\/wp-content\/uploads\/2021\/09\/Fluidswitch_Koepfe_kleiner_kuehl-1024x294.png);\">\n        <div class=\"vc-hoverbox-block-inner vc-hoverbox-front-inner\">\n            <h2 style=\"color: #e7f5f4;text-align: center;font-family:Concert One;font-weight:400;font-style:normal\" class=\"vc_custom_heading vc_do_custom_heading wpb_animate_when_almost_visible wpb_fadeIn fadeIn\" >Fluid Switch FS for controlling perfusion heads<\/h2>\n        <\/div>\n      <\/div>\n      <div class=\"vc-hoverbox-block vc-hoverbox-back\" style=\"background-color: #ebebeb;\">\n        <div class=\"vc-hoverbox-block-inner vc-hoverbox-back-inner\">\n            <h2 style=\"text-align:center\">Fluid Switch FS<\/h2>\n            <p>The new product Fluid Switch is designed as an option to P<sup>2<\/sup>CS for controlling up to 16 on \/ off valves in a perfusion head.<\/p>\n\n            \n        <\/div>\n      <\/div>\n    <\/div>\n  <\/div>\n<\/div><\/div><\/div><\/div><\/div>\n<\/div>","protected":false},"excerpt":{"rendered":"Biophysical Tools GmbH is your competent partner for Microfluidics \u2013 starting with the experiment planning up to its realisation. We are experts in ultra-precise and -fast flow control of fluids (liquids and gases) in Microfluidics and Mesofluidics, which is the focus of our both leading product groups, and in automation and miniaturisation of experiment protocols&hellip;","protected":false},"author":1,"featured_media":0,"parent":0,"menu_order":6,"comment_status":"closed","ping_status":"closed","template":"","meta":[],"_links":{"self":[{"href":"https:\/\/biophysical-tools.de\/de\/wp-json\/wp\/v2\/pages\/1730"}],"collection":[{"href":"https:\/\/biophysical-tools.de\/de\/wp-json\/wp\/v2\/pages"}],"about":[{"href":"https:\/\/biophysical-tools.de\/de\/wp-json\/wp\/v2\/types\/page"}],"author":[{"embeddable":true,"href":"https:\/\/biophysical-tools.de\/de\/wp-json\/wp\/v2\/users\/1"}],"replies":[{"embeddable":true,"href":"https:\/\/biophysical-tools.de\/de\/wp-json\/wp\/v2\/comments?post=1730"}],"version-history":[{"count":142,"href":"https:\/\/biophysical-tools.de\/de\/wp-json\/wp\/v2\/pages\/1730\/revisions"}],"predecessor-version":[{"id":2920,"href":"https:\/\/biophysical-tools.de\/de\/wp-json\/wp\/v2\/pages\/1730\/revisions\/2920"}],"wp:attachment":[{"href":"https:\/\/biophysical-tools.de\/de\/wp-json\/wp\/v2\/media?parent=1730"}],"curies":[{"name":"wp","href":"https:\/\/api.w.org\/{rel}","templated":true}]}}