{"id":1910,"date":"2019-01-25T17:45:32","date_gmt":"2019-01-25T15:45:32","guid":{"rendered":"http:\/\/biophysical-tools.de\/?page_id=1910"},"modified":"2024-07-25T10:56:47","modified_gmt":"2024-07-25T08:56:47","slug":"microfluidic-accessories","status":"publish","type":"page","link":"https:\/\/biophysical-tools.de\/de\/microfluidic-accessories\/","title":{"rendered":"Zubeh\u00f6r f\u00fcr die Mikrofluidik"},"content":{"rendered":"<div class=\"wpb-content-wrapper\"><div class=\"vc_row wpb_row vc_row-fluid\"><div class=\"wpb_column vc_column_container vc_col-sm-12\"><div class=\"vc_column-inner\"><div class=\"wpb_wrapper\">\n\t<div class=\"wpb_text_column wpb_content_element\" >\n\t\t<div class=\"wpb_wrapper\">\n\t\t\t<h4>Zubeh\u00f6r f\u00fcr die Mikrofluidik<\/h4>\n<p>Kennen Sie die Situation w\u00e4hrend eines Versuchs, wenn Sie einen bestimmten Konrektor oder Schlauch ben\u00f6tigen und diesen im Labor nicht finden k\u00f6nnen? Es ist so \u00e4rgerlich, Zeit f\u00fcr die Suche oder ggf. Bestellung von einzelnen Verbrauchsmaterialien aufzuwenden. Aus diesem Grund haben wir einige Konrektoren und Musterschl\u00e4uche f\u00fcr unser Konnektorenkit ausgew\u00e4hlt. Damit k\u00f6nnen Sie sofort Ihr Experiment starten.<\/p>\n<p>Unsere Vorratsbeh\u00e4lter Content Management Unit (CMU) sind eine benutzerfreundliche L\u00f6sung f\u00fcr die Bevorratung von Arbeitsfluiden. Die verf\u00fcgbaren Volumina gehen bis 10-15 ml. Falls Sie gr\u00f6\u00dfere Beh\u00e4lter ben\u00f6tigen, denken Sie an den Einsatz unserer modifizierten Deckel f\u00fcr Standardflaschen, die Sie garantiert im Labor vorfinden werden.<\/p>\n\n\t\t<\/div>\n\t<\/div>\n<\/div><\/div><\/div><\/div><div class=\"vc_row wpb_row vc_row-fluid\"><div class=\"wpb_column vc_column_container vc_col-sm-6\"><div class=\"vc_column-inner\"><div class=\"wpb_wrapper\">\n\t<div class=\"wpb_text_column wpb_content_element\" >\n\t\t<div class=\"wpb_wrapper\">\n\t\t\t<p><a href=\"https:\/\/biophysical-tools.de\/wp-content\/uploads\/2019\/10\/CMU_4ML_1_freigestellt_700px.png\"><img loading=\"lazy\" class=\"size-full wp-image-2064 aligncenter\" src=\"https:\/\/biophysical-tools.de\/wp-content\/uploads\/2019\/10\/CMU_4ML_1_freigestellt_700px.png\" alt=\"CMU\" width=\"600\" height=\"450\" srcset=\"https:\/\/biophysical-tools.de\/wp-content\/uploads\/2019\/10\/CMU_4ML_1_freigestellt_700px.png 600w, https:\/\/biophysical-tools.de\/wp-content\/uploads\/2019\/10\/CMU_4ML_1_freigestellt_700px-300x225.png 300w, https:\/\/biophysical-tools.de\/wp-content\/uploads\/2019\/10\/CMU_4ML_1_freigestellt_700px-100x75.png 100w\" sizes=\"(max-width: 600px) 100vw, 600px\" \/><\/a><\/p>\n\n\t\t<\/div>\n\t<\/div>\n<\/div><\/div><\/div><div class=\"wpb_column vc_column_container vc_col-sm-6\"><div class=\"vc_column-inner\"><div class=\"wpb_wrapper\">\n\t<div class=\"wpb_text_column wpb_content_element\" >\n\t\t<div class=\"wpb_wrapper\">\n\t\t\t<h4>Content Management Unit (CMU)<\/h4>\n<p>Bevorratung von Arbeitsfl\u00fcssigkeiten in 4 Fl\u00e4schchen<\/p>\n<p>Volumen von Fl\u00e4schchen: 1,5 ml, 4 ml oder 10 ml<\/p>\n<p>Autoklavierbares Material: POM (Polyoxymethylen, nicht transparent)<\/p>\n<p>Angepasste Ausf\u00fchrungen m\u00f6glich<div class=\"su-accordion su-u-trim\"><\/div><div class=\"su-spoiler su-spoiler-style-fancy su-spoiler-icon-plus su-spoiler-closed\" data-scroll-offset=\"0\" data-anchor-in-url=\"no\"><div class=\"su-spoiler-title\" tabindex=\"0\" role=\"button\"><span class=\"su-spoiler-icon\"><\/span>Weitere Infos<\/div><div class=\"su-spoiler-content su-u-clearfix su-u-trim\"><\/p>\n<p>Beh\u00e4lter k\u00f6nnen w\u00e4hrend des Experiments ohne Unterbrechung nachgef\u00fcllt werden.<\/p>\n<p>Keine Kontamination, da Fl\u00fcssigkeiten nie in Kontakt mit P<sup>2<\/sup>CS kommen.<\/p>\n<p>Auf Anfrage k\u00f6nnen Beh\u00e4lter f\u00fcr Langzeitstudien mit anderen Volumina herstellen<\/p>\n<p><\/div><\/div>\n\n\t\t<\/div>\n\t<\/div>\n<\/div><\/div><\/div><\/div><div class=\"vc_row wpb_row vc_row-fluid\"><div class=\"wpb_column vc_column_container vc_col-sm-6\"><div class=\"vc_column-inner\"><div class=\"wpb_wrapper\">\n\t<div class=\"wpb_text_column wpb_content_element\" >\n\t\t<div class=\"wpb_wrapper\">\n\t\t\t<h4>Connector Kit<\/h4>\n<p>Zum Abschlie\u00dfen von Kan\u00e4len, Schl\u00e4uchen etc.<\/p>\n<p>Schlie\u00dfen Sie Komponenten mit Schl\u00e4uchen aus PTFE (Teflon), Silikon oder einem anderen Material an.<\/p>\n<p>F\u00fcr P<sup>2<\/sup>CS, PVS und CMU<div class=\"su-accordion su-u-trim\"><\/div><div class=\"su-spoiler su-spoiler-style-fancy su-spoiler-icon-plus su-spoiler-closed\" data-scroll-offset=\"0\" data-anchor-in-url=\"no\"><div class=\"su-spoiler-title\" tabindex=\"0\" role=\"button\"><span class=\"su-spoiler-icon\"><\/span>Weitere Infos<\/div><div class=\"su-spoiler-content su-u-clearfix su-u-trim\"><\/p>\n<p>ca. 200 Stk. (Konnektoren, Musterschl\u00e4uche, Fittings u. a. m.)<\/p>\n<p>Abschluss von diversen Schl\u00e4uchen mit verschiedenen Durchmessern<\/p>\n<p>sowie Kan\u00e4len beim Einsatz mit P<sup>2<\/sup>CS, PVS, CMU oder anderen Systemen.<\/p>\n<p><\/div><\/div>\n\n\t\t<\/div>\n\t<\/div>\n<\/div><\/div><\/div><div class=\"wpb_column vc_column_container vc_col-sm-6\"><div class=\"vc_column-inner\"><div class=\"wpb_wrapper\">\n\t<div class=\"wpb_text_column wpb_content_element\" >\n\t\t<div class=\"wpb_wrapper\">\n\t\t\t<p><a href=\"https:\/\/biophysical-tools.de\/wp-content\/uploads\/2021\/09\/Konnektorkit_Hand.png\"><img loading=\"lazy\" class=\"wp-image-2594 aligncenter\" src=\"https:\/\/biophysical-tools.de\/wp-content\/uploads\/2021\/09\/Konnektorkit_Hand.png\" alt=\"\" width=\"364\" height=\"327\" srcset=\"https:\/\/biophysical-tools.de\/wp-content\/uploads\/2021\/09\/Konnektorkit_Hand.png 2730w, https:\/\/biophysical-tools.de\/wp-content\/uploads\/2021\/09\/Konnektorkit_Hand-300x269.png 300w, https:\/\/biophysical-tools.de\/wp-content\/uploads\/2021\/09\/Konnektorkit_Hand-1024x918.png 1024w, https:\/\/biophysical-tools.de\/wp-content\/uploads\/2021\/09\/Konnektorkit_Hand-768x689.png 768w, https:\/\/biophysical-tools.de\/wp-content\/uploads\/2021\/09\/Konnektorkit_Hand-1536x1377.png 1536w, https:\/\/biophysical-tools.de\/wp-content\/uploads\/2021\/09\/Konnektorkit_Hand-2048x1836.png 2048w, https:\/\/biophysical-tools.de\/wp-content\/uploads\/2021\/09\/Konnektorkit_Hand-13x12.png 13w\" sizes=\"(max-width: 364px) 100vw, 364px\" \/><\/a><\/p>\n\n\t\t<\/div>\n\t<\/div>\n<\/div><\/div><\/div><\/div><div class=\"vc_row wpb_row vc_row-fluid\"><div class=\"wpb_column vc_column_container vc_col-sm-6\"><div class=\"vc_column-inner\"><div class=\"wpb_wrapper\">\n\t<div class=\"wpb_text_column wpb_content_element\" >\n\t\t<div class=\"wpb_wrapper\">\n\t\t\t<p><a href=\"https:\/\/biophysical-tools.de\/wp-content\/uploads\/2021\/09\/Srew-Caps_web-865x483-1.png\"><img loading=\"lazy\" class=\"wp-image-2595 aligncenter\" src=\"https:\/\/biophysical-tools.de\/wp-content\/uploads\/2021\/09\/Srew-Caps_web-865x483-1.png\" alt=\"\" width=\"396\" height=\"221\" srcset=\"https:\/\/biophysical-tools.de\/wp-content\/uploads\/2021\/09\/Srew-Caps_web-865x483-1.png 865w, https:\/\/biophysical-tools.de\/wp-content\/uploads\/2021\/09\/Srew-Caps_web-865x483-1-300x168.png 300w, https:\/\/biophysical-tools.de\/wp-content\/uploads\/2021\/09\/Srew-Caps_web-865x483-1-768x429.png 768w, https:\/\/biophysical-tools.de\/wp-content\/uploads\/2021\/09\/Srew-Caps_web-865x483-1-18x10.png 18w\" sizes=\"(max-width: 396px) 100vw, 396px\" \/><\/a><\/p>\n\n\t\t<\/div>\n\t<\/div>\n<\/div><\/div><\/div><div class=\"wpb_column vc_column_container vc_col-sm-6\"><div class=\"vc_column-inner\"><div class=\"wpb_wrapper\">\n\t<div class=\"wpb_text_column wpb_content_element\" >\n\t\t<div class=\"wpb_wrapper\">\n\t\t\t<h4>Flaschendeckel f\u00fcr mikrofluidische Setups<\/h4>\n<p><strong>Anpassbare Ausf\u00fchrungen:<\/strong><\/p>\n<p>Flaschendeckel (45 GL) mit LuerLock-Konnektoren f\u00fcr Standardflaschen<\/p>\n<p>100 mL, 250 mL, 500 mL oder 5L <div class=\"su-accordion su-u-trim\"><\/div><div class=\"su-spoiler su-spoiler-style-fancy su-spoiler-icon-plus su-spoiler-closed\" data-scroll-offset=\"0\" data-anchor-in-url=\"no\"><div class=\"su-spoiler-title\" tabindex=\"0\" role=\"button\"><span class=\"su-spoiler-icon\"><\/span>Weitere Infos<\/div><div class=\"su-spoiler-content su-u-clearfix su-u-trim\"><\/p>\n<p class=\"moz-quote-pre\">Flaschen oder Falcon-Tubes k\u00f6nnen w\u00e4hrend des Experiments ohne Unterbrechung nachgef\u00fcllt werden.<\/p>\n<p class=\"moz-quote-pre\">Keine Kontamination, da Fl\u00fcssigkeiten nie in Kontakt mit P<sup>2<\/sup>CS kommen.<\/p>\n<p class=\"moz-quote-pre\">Beh\u00e4lter f\u00fcr Langzeitstudien<\/p>\n<p class=\"moz-quote-pre\"><strong>Optionen: <\/strong><\/p>\n<p class=\"moz-quote-pre\">Falcon-Tubes mit Deckeln mit LuerLock-Anschluss f\u00fcr 50 ml<\/p>\n<p class=\"moz-quote-pre\">Standardglasflaschen (ab 100 ml bis 5 l)<\/p>\n<p><\/div><\/div>\n\n\t\t<\/div>\n\t<\/div>\n<\/div><\/div><\/div><\/div><div class=\"vc_row wpb_row vc_row-fluid\"><div class=\"wpb_column vc_column_container vc_col-sm-12\"><div class=\"vc_column-inner\"><div class=\"wpb_wrapper\">\n\t<div class=\"wpb_text_column wpb_content_element\" >\n\t\t<div class=\"wpb_wrapper\">\n\t\t\t<h4>Produktvideo\/Ger\u00e4teinformationen<\/h4>\n<div id=\"ts-vcsc-youtube-9046229\" class=\"ts-video-container ts-ratio-sixteen-to-nine  ts-video-overlay-false\"  style=\"\"><iframe class=\"ts-video-iframe\" width=\"100%\" height=\"auto\"  src=\"https:\/\/www.youtube.com\/embed\/5CdRBW4Je9A?autoplay=0&showinfo=1&controls=1&autohide=1&rel=0&loop=0&modestbranding=0&mute=0&vq=auto&wmode=opaque\" frameborder=\"0\" webkitallowfullscreen mozallowfullscreen allowfullscreen allow=\"autoplay\"><\/iframe><\/div>\n\n\t\t<\/div>\n\t<\/div>\n<\/div><\/div><\/div><\/div>\n<\/div>","protected":false},"excerpt":{"rendered":"Accessories for Microfluidic Experiments Do you know the situation during an experiment when you need a specific connector or a tube, but you do not find them in the lab? It is so annoying to lose time for searching or ordering single consumables. That's why we selected connectors, exemplary tubes for our connector kit. So&hellip;","protected":false},"author":1,"featured_media":0,"parent":0,"menu_order":0,"comment_status":"closed","ping_status":"closed","template":"","meta":[],"_links":{"self":[{"href":"https:\/\/biophysical-tools.de\/de\/wp-json\/wp\/v2\/pages\/1910"}],"collection":[{"href":"https:\/\/biophysical-tools.de\/de\/wp-json\/wp\/v2\/pages"}],"about":[{"href":"https:\/\/biophysical-tools.de\/de\/wp-json\/wp\/v2\/types\/page"}],"author":[{"embeddable":true,"href":"https:\/\/biophysical-tools.de\/de\/wp-json\/wp\/v2\/users\/1"}],"replies":[{"embeddable":true,"href":"https:\/\/biophysical-tools.de\/de\/wp-json\/wp\/v2\/comments?post=1910"}],"version-history":[{"count":39,"href":"https:\/\/biophysical-tools.de\/de\/wp-json\/wp\/v2\/pages\/1910\/revisions"}],"predecessor-version":[{"id":2896,"href":"https:\/\/biophysical-tools.de\/de\/wp-json\/wp\/v2\/pages\/1910\/revisions\/2896"}],"wp:attachment":[{"href":"https:\/\/biophysical-tools.de\/de\/wp-json\/wp\/v2\/media?parent=1910"}],"curies":[{"name":"wp","href":"https:\/\/api.w.org\/{rel}","templated":true}]}}