{"id":1961,"date":"2019-02-18T01:51:11","date_gmt":"2019-02-17T23:51:11","guid":{"rendered":"http:\/\/biophysical-tools.de\/?page_id=1961"},"modified":"2024-06-25T10:34:53","modified_gmt":"2024-06-25T08:34:53","slug":"tissue-stretching","status":"publish","type":"page","link":"https:\/\/biophysical-tools.de\/de\/tissue-stretching\/","title":{"rendered":"Tissue Stretcher \u00b5N-TS &#8211; Measuring Forces in \u00b5N range"},"content":{"rendered":"<div class=\"wpb-content-wrapper\"><div class=\"vc_row wpb_row vc_row-fluid\"><div class=\"wpb_column vc_column_container vc_col-sm-12\"><div class=\"vc_column-inner\"><div class=\"wpb_wrapper\">\n\t<div  class=\"wpb_single_image wpb_content_element vc_align_left wpb_content_element\">\n\t\t\n\t\t<figure class=\"wpb_wrapper vc_figure\">\n\t\t\t<div class=\"vc_single_image-wrapper   vc_box_border_grey\"><img width=\"1440\" height=\"500\" src=\"https:\/\/biophysical-tools.de\/wp-content\/uploads\/2024\/06\/uTS_Banner.png\" class=\"vc_single_image-img attachment-full\" alt=\"uTS\" loading=\"lazy\" title=\"uTS_Banner\" srcset=\"https:\/\/biophysical-tools.de\/wp-content\/uploads\/2024\/06\/uTS_Banner.png 1440w, https:\/\/biophysical-tools.de\/wp-content\/uploads\/2024\/06\/uTS_Banner-300x104.png 300w, https:\/\/biophysical-tools.de\/wp-content\/uploads\/2024\/06\/uTS_Banner-1024x356.png 1024w, https:\/\/biophysical-tools.de\/wp-content\/uploads\/2024\/06\/uTS_Banner-768x267.png 768w, https:\/\/biophysical-tools.de\/wp-content\/uploads\/2024\/06\/uTS_Banner-18x6.png 18w\" sizes=\"(max-width: 1440px) 100vw, 1440px\" \/><\/div>\n\t\t<\/figure>\n\t<\/div>\n<div class=\"vc_empty_space\"   style=\"height: 32px\"><span class=\"vc_empty_space_inner\"><\/span><\/div>\n\t<div class=\"wpb_text_column wpb_content_element\" >\n\t\t<div class=\"wpb_wrapper\">\n\t\t\t<h4 lang=\"en-US\"><b><span style=\"color: #000000;\">Die\u00a0<span style=\"caret-color: #000000;\">Geheimnis der Gewebedehnung im \u00b5N-Bereich<\/span><\/span><\/b><\/h4>\n<p lang=\"en-US\"><span style=\"color: #800000;\"><span style=\"color: #000000;\">Planen Sie die Untersuchung der Kr\u00e4fte im Gewebe? Wollen Sie externe Kr\u00e4fte anwenden und die vom Gewebe, beispielsweise Herz, Muskeln oder auch Blutgef\u00e4\u00dfen, erzeugten Kr\u00e4fte erforschen?<\/span><\/span><\/p>\n<p lang=\"en-US\"><span style=\"color: #000000;\">Unser Gewebestretcher \u00b5N-TS wurde f\u00fcr <strong>eine kontrollierte Dehnung<\/strong> vom Gewebe im <strong>\u00b5N-Bereich entwickelt.<\/strong>\u00a0Es kann auch in Kombination mit unserem\u00a0<\/span><strong style=\"color: #800000;\"><span style=\"color: #000000;\">fluid <\/span><\/strong><strong><span style=\"color: #000000;\">Str\u00f6mungskontrollsystem f\u00fcr Fluide <\/span><\/strong><span style=\"color: #000000;\">and\u00a0<\/span><span style=\"color: #000000;\"><span style=\"caret-color: #000000;\">in mirkofluidische Anwendungen\u00a0<\/span>integriert werden<\/span><span style=\"color: #000000;\">.<\/span><\/p>\n\n\t\t<\/div>\n\t<\/div>\n<\/div><\/div><\/div><\/div><div class=\"vc_row wpb_row vc_row-fluid\"><div class=\"wpb_column vc_column_container vc_col-sm-6\"><div class=\"vc_column-inner\"><div class=\"wpb_wrapper\">\n\t<div class=\"wpb_text_column wpb_content_element\" >\n\t\t<div class=\"wpb_wrapper\">\n\t\t\t<h4>\u00a0Vorteile des Gewebestretchers<\/h4>\n<p>&nbsp;<\/p>\n<p>\u2713 Einzigartiger Messbereich: \u00b5N, \u00b5m<\/p>\n<p>\u2713 Alle Ver\u00e4nderungen k\u00f6nnen w\u00e4hrend des Experiments beobachtet werden - dank dem kompakten Aufbau, der auf jeden Mikroskoptisch passt.<\/p>\n<p>\u2713 Das Deckglas in der Beobachtungskammer kann nach jedem Versuch ausgetauscht werden; einfache Reinigung.<\/p>\n\n\t\t<\/div>\n\t<\/div>\n<div class=\"vc_empty_space\"   style=\"height: 32px\"><span class=\"vc_empty_space_inner\"><\/span><\/div><\/div><\/div><\/div><div class=\"wpb_column vc_column_container vc_col-sm-6\"><div class=\"vc_column-inner\"><div class=\"wpb_wrapper\">\n\t<div class=\"wpb_text_column wpb_content_element\" >\n\t\t<div class=\"wpb_wrapper\">\n\t\t\t<h4><span style=\"color: #393836;\">Vorteile des Gewebestretchers<\/span><\/h4>\n<p>&nbsp;<\/p>\n<p>\u2713 Offener (modularer) Aufbau: Fluide k\u00f6nnen unmittelbar w\u00e4hrend des Versuchs ausgetauscht werden.<\/p>\n<p>\u2713 Strom wird durch den Knopfdruck induziert.<\/p>\n<p>\u2713 \u00b5N-TS kann leicht in einem mikrofluidischen Aufbau integriert werden.<\/p>\n\n\t\t<\/div>\n\t<\/div>\n<div class=\"vc_empty_space\"   style=\"height: 32px\"><span class=\"vc_empty_space_inner\"><\/span><\/div><\/div><\/div><\/div><\/div><div class=\"vc_row wpb_row vc_row-fluid\"><div class=\"wpb_column vc_column_container vc_col-sm-12\"><div class=\"vc_column-inner\"><div class=\"wpb_wrapper\">\n\t<div class=\"wpb_text_column wpb_content_element\" >\n\t\t<div class=\"wpb_wrapper\">\n\t\t\t<h4 style=\"text-align: center;\">Produktvideo\/Ger\u00e4teinformationen<\/h4>\n\n\t\t<\/div>\n\t<\/div>\n<\/div><\/div><\/div><\/div><div class=\"vc_row wpb_row vc_row-fluid\"><div class=\"wpb_column vc_column_container vc_col-sm-6\"><div class=\"vc_column-inner\"><div class=\"wpb_wrapper\">\n\t<div class=\"wpb_text_column wpb_content_element\" >\n\t\t<div class=\"wpb_wrapper\">\n\t\t\t<div id=\"ts-vcsc-youtube-9298605\" class=\"ts-video-container ts-ratio-sixteen-to-nine  ts-video-overlay-false\"  style=\"\"><iframe class=\"ts-video-iframe\" width=\"100%\" height=\"auto\"  src=\"https:\/\/www.youtube.com\/embed\/7iWBE7Ik7a4?autoplay=0&showinfo=1&controls=1&autohide=1&rel=0&loop=0&modestbranding=0&mute=0&vq=auto&wmode=opaque\" frameborder=\"0\" webkitallowfullscreen mozallowfullscreen allowfullscreen allow=\"autoplay\"><\/iframe><\/div>\n\n\t\t<\/div>\n\t<\/div>\n<\/div><\/div><\/div><div class=\"wpb_column vc_column_container vc_col-sm-6\"><div class=\"vc_column-inner\"><div class=\"wpb_wrapper\">\n\t<div class=\"wpb_text_column wpb_content_element\" >\n\t\t<div class=\"wpb_wrapper\">\n\t\t\t\n<div id=\"ts-vcsc-youtube-3645238\" class=\"ts-video-container ts-ratio-sixteen-to-nine  ts-video-overlay-false\"  style=\"\"><iframe class=\"ts-video-iframe\" width=\"100%\" height=\"auto\"  src=\"https:\/\/www.youtube.com\/embed\/5j8ZJ-D7PpE?autoplay=0&showinfo=1&controls=1&autohide=1&rel=0&loop=0&modestbranding=0&mute=0&vq=auto&wmode=opaque\" frameborder=\"0\" webkitallowfullscreen mozallowfullscreen allowfullscreen allow=\"autoplay\"><\/iframe><\/div>\n\n\t\t<\/div>\n\t<\/div>\n<\/div><\/div><\/div><\/div>\n<\/div>","protected":false},"excerpt":{"rendered":"The\u00a0secret of tissue stretching in \u00b5N range Do you want to explore the forces of tissues? Do you want to apply external forces and to examine the forces generated by the tissue, e.g. heart, muscles or even blood vessels? Our tissue stretcher \u00b5N-TS is designed for controlling stretching of tissue in \u00b5N range.\u00a0You can use&hellip;","protected":false},"author":1,"featured_media":0,"parent":0,"menu_order":16,"comment_status":"closed","ping_status":"closed","template":"","meta":[],"_links":{"self":[{"href":"https:\/\/biophysical-tools.de\/de\/wp-json\/wp\/v2\/pages\/1961"}],"collection":[{"href":"https:\/\/biophysical-tools.de\/de\/wp-json\/wp\/v2\/pages"}],"about":[{"href":"https:\/\/biophysical-tools.de\/de\/wp-json\/wp\/v2\/types\/page"}],"author":[{"embeddable":true,"href":"https:\/\/biophysical-tools.de\/de\/wp-json\/wp\/v2\/users\/1"}],"replies":[{"embeddable":true,"href":"https:\/\/biophysical-tools.de\/de\/wp-json\/wp\/v2\/comments?post=1961"}],"version-history":[{"count":13,"href":"https:\/\/biophysical-tools.de\/de\/wp-json\/wp\/v2\/pages\/1961\/revisions"}],"predecessor-version":[{"id":2876,"href":"https:\/\/biophysical-tools.de\/de\/wp-json\/wp\/v2\/pages\/1961\/revisions\/2876"}],"wp:attachment":[{"href":"https:\/\/biophysical-tools.de\/de\/wp-json\/wp\/v2\/media?parent=1961"}],"curies":[{"name":"wp","href":"https:\/\/api.w.org\/{rel}","templated":true}]}}