{"id":197,"date":"2014-07-05T14:54:37","date_gmt":"2014-07-05T12:54:37","guid":{"rendered":"http:\/\/biophysical-tools.de\/?page_id=197"},"modified":"2026-02-16T10:01:00","modified_gmt":"2026-02-16T08:01:00","slug":"legal-disclaimer","status":"publish","type":"page","link":"https:\/\/biophysical-tools.de\/de\/legal-disclaimer\/","title":{"rendered":"Impressum"},"content":{"rendered":"<div class=\"wpb-content-wrapper\"><div class=\"vc_row wpb_row vc_row-fluid\"><div class=\"wpb_column vc_column_container vc_col-sm-6\"><div class=\"vc_column-inner\"><div class=\"wpb_wrapper\">\n\t<div class=\"wpb_text_column wpb_content_element\" >\n\t\t<div class=\"wpb_wrapper\">\n\t\t\t<p><strong>IMPRESSUM \/ VERANTWORTLICH F\u00dcR DEN INHALT DER WEBSITE:<\/strong><\/p>\n<p>Biophysical Tools GmbH<br \/>\nPetersbrunnen 2, Wettin-L\u00f6bej\u00fcn, Deutschland<br \/>\nInternet: www.biophysical-tools.de<br \/>\nE-Mail: contact[at]biophysical-tools.de<br \/>\nTel.: +49 (0) 341 39 29 81 31<\/p>\n<p>Gerichtsbarkeit: Amtsgericht Leipzig<br \/>\nHandelsregister: HRB31187<br \/>\nUSt.-ID: DE298944000<\/p>\n<p>Gesch\u00e4ftsf\u00fchrer:<br \/>\nKatja F\u00fctterer<br \/>\nDr. Claus F\u00fctterer<\/p>\n\n\t\t<\/div>\n\t<\/div>\n<\/div><\/div><\/div><div class=\"wpb_column vc_column_container vc_col-sm-6\"><div class=\"vc_column-inner\"><div class=\"wpb_wrapper\">\n\t<div class=\"wpb_text_column wpb_content_element\" >\n\t\t<div class=\"wpb_wrapper\">\n\t\t\t<h4><strong>Datenschutz-richtlinie<\/strong><\/h4>\n<p class=\"bodytext\" style=\"color: #62676d;\"><span style=\"color: #28323f;\">Diese Richtlinie gilt f\u00fcr alle personenbezogenen Daten, die die Biophysical Tools GmbH bearbeitet. <\/span><\/p>\n<p class=\"bodytext\" style=\"color: #62676d;\"><span style=\"color: #28323f;\">Ihre personenbezogenen Daten werden ausschlie\u00dflich zur Bearbeitung Ihrer Anfragen, Auftr\u00e4ge oder Gew\u00e4hrleistung von Zug\u00e4ngen zu weiteren Informationen oder Angeboten zu verwendet. Um Ihre Anfragen zu beantworten, Ihnen die gew\u00fcnschten Informationen zukommen zu lassen, vorvertragliche Ma\u00dfnahmen zu ergreifen oder unsere vertraglichen Verpflichtungen zu erf\u00fcllen, kann es erforderlich sein, dass wir Ihre personenbezogenen Daten speichern und verarbeiten. Wir gehen sparsam mit Ihren personenbezogenen Daten um, indem wir nur die Informationen erheben, speichern, verarbeiten und nutzen, die f\u00fcr den angegebenen Zweck erforderlich sind. Wir stellen sicher, dass personenbezogene Daten angemessen und relevant sind und sich auf das beschr\u00e4nken, was in Bezug auf die Zwecke, f\u00fcr die sie verarbeitet werden, notwendig ist. Bitte bedenken Sie, dass nicht alle angeforderten Informationen obligatorisch sind. Wir erstellen keine Benutzerprofile. Diese Website verwendet ausschlie\u00dflich Matomo Analytics f\u00fcr die Erstellung von Statistiken, alle Daten sind anonymisiert und pseudonymisiert.<br \/>\n<\/span><\/p>\n<p class=\"bodytext\" style=\"color: #62676d;\"><span style=\"color: #28323f;\">Sie haben das Recht auf Zugang zu Ihren pers\u00f6nlichen Daten, und alle derartigen an unser Unternehmen gerichteten Anfragen werden zeitnah bearbeitet. Wenn Sie Fragen zu den gespeicherten Daten haben, wenden Sie sich bitte an die im Impressum benannte verantwortliche Person. Sie haben das Recht, die L\u00f6schung und Berichtigung der gespeicherten personenbezogenen Daten zu verlangen, sofern die Speicherung nicht zur Erf\u00fcllung vertraglicher Verpflichtungen erforderlich oder gesetzlich vorgeschrieben ist.<br \/>\n<\/span><\/p>\n<p class=\"bodytext\" style=\"color: #62676d;\"><span style=\"color: #28323f;\">Der Nutzung von allen ver\u00f6ffentlichten Kontaktdaten durch Dritte zur \u00dcbersendung von nicht ausdr\u00fccklich angeforderter Werbung wird widersprochen. Als Seitenbetreiberin behalten wir uns ausdr\u00fccklich rechtliche Schritte im Falle der unaufgeforderten Zusendung von Werbe-E-Mails, etwa durch Spam-Mails, vor. Wir weisen darauf hin, dass die Daten\u00fcbertragung im Internet (z.B. bei der Kommunikation per E-Mail) Sicherheitsl\u00fccken aufweisen kann, da ein l\u00fcckenloser Schutz der Daten vor dem Zugriff durch Dritte nicht m\u00f6glich ist. Dennoch werden wir Ihre Daten unter Beachtung dieser Einschr\u00e4nkung sch\u00fctzen. Insbesondere werden personenbezogene Daten nur dann \u00fcber das Internet \u00fcbertragen, wenn dadurch keine Rechte Dritter verletzt werden, es sei denn, die jeweilige Partei hat in Anbetracht solcher Sicherheitsrisiken zuvor ihre Zustimmung erteilt. Dementsprechend sind wir als Anbieter der Website nicht haftbar f\u00fcr Sch\u00e4den, die als Folge solcher Sicherheitsrisiken entstehen, oder f\u00fcr damit zusammenh\u00e4ngende Unterlassungshandlungen unsererseits.<\/span><\/p>\n<h4><strong>Haftung f\u00fcr Inhalte<\/strong><\/h4>\n<p><span style=\"color: #28323f;\">Wir sind angestrebt, unsere Webseite stets auf dem neuesten Stand zu halten, \u00fcbernehmen jedoch keine Haftung f\u00fcr die von Dritten bereitgestellten Inhalte. Gem\u00e4\u00df \u00a77 Abs. 1 TMG beschr\u00e4nkt sich unsere Verantwortlichkeit als Diensteanbieter auf die eigenen bereitgestellten Inhalte. Nach \u00a7\u00a7 8 bis 10 TMG sind wir als Diensteanbieter jedoch nicht verpflichtet, \u00fcbermittelte oder gespeicherte fremde Informationen zu \u00fcberwachen bzw. zu \u00fcberpr\u00fcfen, ob diese auf eine rechtswidrige T\u00e4tigkeit hinweisen. Sollte uns eine Rechtsverletzung bekannt werden, werden wir solche Inhalte umgehend entfernen. Eine diesbez\u00fcgliche Haftung ist jedoch erst ab dem Zeitpunkt der Kenntnis einer konkreten Rechtsverletzung m\u00f6glich.<\/span><\/p>\n<p><span style=\"color: #28323f;\">Unsere Seite enth\u00e4lt Links zu Webseiten Dritter. Wir haben keinerlei Einfluss auf die dort bereitgestellten Informationen und \u00fcbernehmen keine Gew\u00e4hr f\u00fcr deren Richtigkeit. F\u00fcr die Inhalte der verlinkten Seiten ist stets der jeweilige Anbieter oder Betreiber der Seiten verantwortlich.<\/span><\/p>\n<h4>Urheberrechte<\/h4>\n<p><span style=\"color: #28323f;\">Die durch die Seitenbetreiberin erstellten Inhalte und Werke auf diesen Seiten unterliegen dem deutschen Urheberrecht. Die Vervielf\u00e4ltigung, Bearbeitung, Verbreitung und jede Art der Verwertung au\u00dferhalb der Grenzen des Urheberrechtes Bed\u00fcrfen der schriftlichen Zustimmung des jeweiligen Autors bzw. Erstellers.<\/span><\/p>\n\n\t\t<\/div>\n\t<\/div>\n<\/div><\/div><\/div><\/div>\n<\/div>","protected":false},"excerpt":{"rendered":"LEGAL DISCLAIMER \/ RESPONSIBLE FOR THE CONTENTS OF THE WEBSITE: Biophysical Tools GmbH Petersbrunnen 2, Wettin-L\u00f6bej\u00fcn, Germany Internet: www.biophysical-tools.de Email: contact[at]biophysical-tools.de Phone: +49 (0)341 39 29 81 31 Court of jurisdiction: Amtsgericht Leipzig Commercial register No. : 31187 VAT Reg. No.: DE298944000 Managing Directors: Katja F\u00fctterer Dr. Claus F\u00fctterer Data Protection &amp; Privacy Policy This&hellip;","protected":false},"author":1,"featured_media":0,"parent":0,"menu_order":23,"comment_status":"closed","ping_status":"closed","template":"","meta":[],"_links":{"self":[{"href":"https:\/\/biophysical-tools.de\/de\/wp-json\/wp\/v2\/pages\/197"}],"collection":[{"href":"https:\/\/biophysical-tools.de\/de\/wp-json\/wp\/v2\/pages"}],"about":[{"href":"https:\/\/biophysical-tools.de\/de\/wp-json\/wp\/v2\/types\/page"}],"author":[{"embeddable":true,"href":"https:\/\/biophysical-tools.de\/de\/wp-json\/wp\/v2\/users\/1"}],"replies":[{"embeddable":true,"href":"https:\/\/biophysical-tools.de\/de\/wp-json\/wp\/v2\/comments?post=197"}],"version-history":[{"count":51,"href":"https:\/\/biophysical-tools.de\/de\/wp-json\/wp\/v2\/pages\/197\/revisions"}],"predecessor-version":[{"id":2923,"href":"https:\/\/biophysical-tools.de\/de\/wp-json\/wp\/v2\/pages\/197\/revisions\/2923"}],"wp:attachment":[{"href":"https:\/\/biophysical-tools.de\/de\/wp-json\/wp\/v2\/media?parent=197"}],"curies":[{"name":"wp","href":"https:\/\/api.w.org\/{rel}","templated":true}]}}