{"id":2472,"date":"2021-05-22T22:15:27","date_gmt":"2021-05-22T20:15:27","guid":{"rendered":"https:\/\/biophysical-tools.de\/?page_id=2472"},"modified":"2024-07-25T11:01:21","modified_gmt":"2024-07-25T09:01:21","slug":"fluid-switches-manifolds","status":"publish","type":"page","link":"https:\/\/biophysical-tools.de\/de\/fluid-switches-manifolds\/","title":{"rendered":"Fluidschalter, Verteiler"},"content":{"rendered":"<div class=\"wpb-content-wrapper\"><div class=\"vc_row wpb_row vc_row-fluid\"><div class=\"wpb_column vc_column_container vc_col-sm-12\"><div class=\"vc_column-inner\"><div class=\"wpb_wrapper\">\n\t<div class=\"wpb_text_column wpb_content_element\" >\n\t\t<div class=\"wpb_wrapper\">\n\t\t\t<h4><strong>Fluidschalter und Verteiler f\u00fcr Versuchsaufbauten in der Mikrofluidik<\/strong><\/h4>\n<p>Kennen Sie die Situation w\u00e4hrend eines Experiments, wenn Sie einen bestimmten Verteiler ben\u00f6tigen, diesen aber im Labor nicht finden? Es ist so \u00e4rgerlich, Zeit f\u00fcr die Suche nach Alternativen zu verlieren. Hierzu haben wir mehrere Verteiler entworfen und ausgew\u00e4hlt, die mit Silikonschl\u00e4uchen ohne Aufwand f\u00fcr eine spezielle Integration angeschlossen werden k\u00f6nnen.<\/p>\n<p>Zum Multiplexen des Drucks k\u00f6nnen Sie auch Str\u00f6mungsschalter verwenden. Wir haben daf\u00fcr verschiedene L\u00f6sungen. Sie k\u00f6nnen separate Ger\u00e4te mit Fluidschaltern verwenden oder unsere Str\u00f6mungsschalter einsetzen, die direkt vom Druckregler P<sup>2<\/sup>Cs gesteuert werden k\u00f6nnen.<\/p>\n\n\t\t<\/div>\n\t<\/div>\n<\/div><\/div><\/div><\/div><div class=\"vc_row wpb_row vc_row-fluid\"><div class=\"wpb_column vc_column_container vc_col-sm-6\"><div class=\"vc_column-inner\"><div class=\"wpb_wrapper\">\n\t<div class=\"wpb_text_column wpb_content_element\" >\n\t\t<div class=\"wpb_wrapper\">\n\t\t\t<p style=\"text-align: center;\"><a href=\"https:\/\/biophysical-tools.de\/wp-content\/uploads\/2021\/05\/DSC_1981w-scaled.jpg\"><img loading=\"lazy\" class=\"wp-image-2475 alignnone\" src=\"https:\/\/biophysical-tools.de\/wp-content\/uploads\/2021\/05\/DSC_1981w-scaled.jpg\" alt=\"Manifold\" width=\"778\" height=\"521\" srcset=\"https:\/\/biophysical-tools.de\/wp-content\/uploads\/2021\/05\/DSC_1981w-scaled.jpg 2560w, https:\/\/biophysical-tools.de\/wp-content\/uploads\/2021\/05\/DSC_1981w-300x201.jpg 300w, https:\/\/biophysical-tools.de\/wp-content\/uploads\/2021\/05\/DSC_1981w-1024x685.jpg 1024w, https:\/\/biophysical-tools.de\/wp-content\/uploads\/2021\/05\/DSC_1981w-768x514.jpg 768w, https:\/\/biophysical-tools.de\/wp-content\/uploads\/2021\/05\/DSC_1981w-1536x1028.jpg 1536w, https:\/\/biophysical-tools.de\/wp-content\/uploads\/2021\/05\/DSC_1981w-2048x1371.jpg 2048w, https:\/\/biophysical-tools.de\/wp-content\/uploads\/2021\/05\/DSC_1981w-16x12.jpg 16w, https:\/\/biophysical-tools.de\/wp-content\/uploads\/2021\/05\/DSC_1981w-100x67.jpg 100w, https:\/\/biophysical-tools.de\/wp-content\/uploads\/2021\/05\/DSC_1981w-865x579.jpg 865w, https:\/\/biophysical-tools.de\/wp-content\/uploads\/2021\/05\/DSC_1981w-1184x793.jpg 1184w\" sizes=\"(max-width: 778px) 100vw, 778px\" \/><\/a><\/p>\n\n\t\t<\/div>\n\t<\/div>\n<\/div><\/div><\/div><div class=\"wpb_column vc_column_container vc_col-sm-6\"><div class=\"vc_column-inner\"><div class=\"wpb_wrapper\">\n\t<div class=\"wpb_text_column wpb_content_element\" >\n\t\t<div class=\"wpb_wrapper\">\n\t\t\t<h4>Verteiler<\/h4>\n<div class=\"page\" title=\"Page 20\">\n<div class=\"section\">\n<div class=\"layoutArea\">\n<div class=\"column\">\n<p>Wenn Sie die gleiche Fl\u00fcssigkeit mit der gleichen Flussrate in verschiedenen Kan\u00e4len steuern, k\u00f6nnen Sie Verteiler einsetzen.<\/p>\n<p>Unser Standardverteiler hat einen Ausgang und acht Eing\u00e4nge.<\/p>\n<p>Material: POM.<\/p>\n<p>Auf Anfrage sind andere Verteiler erh\u00e4ltlich. Eine kosteng\u00fcnstigere L\u00f6sung w\u00e4re jedoch die Verwendung von T-Verbindern, Y-Verbindern, Kreuzverbindern. Sie k\u00f6nnen f\u00fcr eine einfache Tr\u00f6pfchenerzeugung in der angeschlossenen Kapillare verwendet werden, auch ohne Mikrofluidik-Chips.<\/p>\n<div class=\"page\" title=\"Page 20\">\n<div class=\"section\">\n<div class=\"layoutArea\">\n<div class=\"column\">\n<p>Beim Anlegen gleicher Dr\u00fccke f\u00fcr verschiedene Fl\u00fcssigkeiten kommen Druckteiler zum Einsatz. Sie erm\u00f6glichen es, einen Kanal des Druckreglers zur Regelung verschiedener Fl\u00fcssigkeiten mit den gleichen Bedingungen zu verwenden.<\/p>\n<\/div>\n<\/div>\n<\/div>\n<\/div>\n<\/div>\n<\/div>\n<\/div>\n<\/div>\n\n\t\t<\/div>\n\t<\/div>\n<\/div><\/div><\/div><\/div><div class=\"vc_row wpb_row vc_row-fluid\"><div class=\"wpb_column vc_column_container vc_col-sm-6\"><div class=\"vc_column-inner\"><div class=\"wpb_wrapper\">\n\t<div class=\"wpb_text_column wpb_content_element\" >\n\t\t<div class=\"wpb_wrapper\">\n\t\t\t<h4>Fluidschalter<\/h4>\n<div class=\"page\" title=\"Page 21\">\n<div class=\"section\">\n<div class=\"layoutArea\">\n<div class=\"column\">\n<p>Der Fluidschalter ist daf\u00fcr ausgelegt, zwischen verschiedenen Fl\u00fcssigkeiten in mehreren Kan\u00e4len zu schalten.<\/p>\n<p>Auf diese Weise k\u00f6nnen Sie einen schnellen Wechsel zwischen Fl\u00fcssigkeiten oder beispielsweise das Mischen in unterschiedlichen Verh\u00e4ltnissen realisieren.<\/p>\n<p>Material des Fluidschalters: PMMA und PEEK sowie EPDM oder FFPM. Sie k\u00f6nnen passende Anschl\u00fcsse w\u00e4hlen, da der Fluidschalter \u00fcber Gewinde M5 (kompatibel zu UNF 32-10) verf\u00fcgt.<\/p>\n<p>Der Fluidschalter hat ein sehr niedriges Totvolumen.<\/p>\n<\/div>\n<\/div>\n<\/div>\n<\/div>\n\n\t\t<\/div>\n\t<\/div>\n<\/div><\/div><\/div><div class=\"wpb_column vc_column_container vc_col-sm-6\"><div class=\"vc_column-inner\"><div class=\"wpb_wrapper\">\n\t<div class=\"wpb_text_column wpb_content_element\" >\n\t\t<div class=\"wpb_wrapper\">\n\t\t\t<p><a href=\"https:\/\/biophysical-tools.de\/wp-content\/uploads\/2021\/05\/Fluid-Switch.png\"><img loading=\"lazy\" class=\"wp-image-2467 aligncenter\" src=\"https:\/\/biophysical-tools.de\/wp-content\/uploads\/2021\/05\/Fluid-Switch.png\" alt=\"Fluid Switches\" width=\"750\" height=\"372\" srcset=\"https:\/\/biophysical-tools.de\/wp-content\/uploads\/2021\/05\/Fluid-Switch.png 1500w, https:\/\/biophysical-tools.de\/wp-content\/uploads\/2021\/05\/Fluid-Switch-300x149.png 300w, https:\/\/biophysical-tools.de\/wp-content\/uploads\/2021\/05\/Fluid-Switch-1024x508.png 1024w, https:\/\/biophysical-tools.de\/wp-content\/uploads\/2021\/05\/Fluid-Switch-768x381.png 768w, https:\/\/biophysical-tools.de\/wp-content\/uploads\/2021\/05\/Fluid-Switch-16x8.png 16w, https:\/\/biophysical-tools.de\/wp-content\/uploads\/2021\/05\/Fluid-Switch-100x50.png 100w, https:\/\/biophysical-tools.de\/wp-content\/uploads\/2021\/05\/Fluid-Switch-865x429.png 865w, https:\/\/biophysical-tools.de\/wp-content\/uploads\/2021\/05\/Fluid-Switch-1184x587.png 1184w\" sizes=\"(max-width: 750px) 100vw, 750px\" \/><\/a><\/p>\n\n\t\t<\/div>\n\t<\/div>\n<\/div><\/div><\/div><\/div><div class=\"vc_row wpb_row vc_row-fluid\"><div class=\"wpb_column vc_column_container vc_col-sm-6\"><div class=\"vc_column-inner\"><div class=\"wpb_wrapper\">\n\t<div class=\"wpb_text_column wpb_content_element\" >\n\t\t<div class=\"wpb_wrapper\">\n\t\t\t<p style=\"text-align: center;\"><a href=\"https:\/\/biophysical-tools.de\/wp-content\/uploads\/2021\/10\/Moulding_Kit_bearbeitet.png\"><img loading=\"lazy\" class=\"size-full wp-image-2696 alignnone\" src=\"https:\/\/biophysical-tools.de\/wp-content\/uploads\/2021\/10\/Moulding_Kit_bearbeitet.png\" alt=\"\" width=\"1700\" height=\"1078\" srcset=\"https:\/\/biophysical-tools.de\/wp-content\/uploads\/2021\/10\/Moulding_Kit_bearbeitet.png 1700w, https:\/\/biophysical-tools.de\/wp-content\/uploads\/2021\/10\/Moulding_Kit_bearbeitet-300x190.png 300w, https:\/\/biophysical-tools.de\/wp-content\/uploads\/2021\/10\/Moulding_Kit_bearbeitet-1024x649.png 1024w, https:\/\/biophysical-tools.de\/wp-content\/uploads\/2021\/10\/Moulding_Kit_bearbeitet-768x487.png 768w, https:\/\/biophysical-tools.de\/wp-content\/uploads\/2021\/10\/Moulding_Kit_bearbeitet-1536x974.png 1536w, https:\/\/biophysical-tools.de\/wp-content\/uploads\/2021\/10\/Moulding_Kit_bearbeitet-18x12.png 18w\" sizes=\"(max-width: 1700px) 100vw, 1700px\" \/><\/a><\/p>\n\n\t\t<\/div>\n\t<\/div>\n<\/div><\/div><\/div><div class=\"wpb_column vc_column_container vc_col-sm-6\"><div class=\"vc_column-inner\"><div class=\"wpb_wrapper\">\n\t<div class=\"wpb_text_column wpb_content_element\" >\n\t\t<div class=\"wpb_wrapper\">\n\t\t\t<h4>PDMS-Gie\u00dfkit f\u00fcr FS und MPS-X<\/h4>\n<div class=\"page\" title=\"Page 21\">\n<div class=\"section\">\n<div class=\"layoutArea\">\n<div class=\"column\">\n<p>Das Gie\u00dfkit besteht aus einer Metallform zur Herstellung von Einlagen f\u00fcr den Perfusionskopf PH-X des Fluidumschalters FS und des Perfusionssystems MPS-X. Die konkrete Geometrie der Einlage kann w\u00e4hrend der Bestellung spezifiziert werden.<\/p>\n<\/div>\n<\/div>\n<\/div>\n<\/div>\n\n\t\t<\/div>\n\t<\/div>\n<\/div><\/div><\/div><\/div><div class=\"vc_row wpb_row vc_row-fluid\"><div class=\"wpb_column vc_column_container vc_col-sm-12\"><div class=\"vc_column-inner\"><div class=\"wpb_wrapper\"><div class=\"vc_btn3-container vc_btn3-inline vc_do_btn\" ><a class=\"vc_general vc_btn3 vc_btn3-size-md vc_btn3-shape-rounded vc_btn3-style-modern vc_btn3-color-vista-blue\" href=\"https:\/\/biophysical-tools.de\/wp-content\/uploads\/2021\/07\/Produktkatalog_2021_v2-2021-07-15.pdf\" title=\"Produktkatalog\">Katalog herunterladen<\/a><\/div><\/div><\/div><\/div><\/div><div class=\"vc_row wpb_row vc_row-fluid\"><div class=\"wpb_column vc_column_container vc_col-sm-6\"><div class=\"vc_column-inner\"><div class=\"wpb_wrapper\">\n\t<div class=\"wpb_text_column wpb_content_element\" >\n\t\t<div class=\"wpb_wrapper\">\n\t\t\t<h4>Manufacturing of PDMS manifolds with the PDMS Moulding Kit<\/h4>\n\n\t\t<\/div>\n\t<\/div>\n<\/div><\/div><\/div><div class=\"wpb_column vc_column_container vc_col-sm-6\"><div class=\"vc_column-inner\"><div class=\"wpb_wrapper\">\n\t<div class=\"wpb_video_widget wpb_content_element vc_clearfix   vc_video-aspect-ratio-169 vc_video-el-width-100 vc_video-align-left\" >\n\t\t<div class=\"wpb_wrapper\">\n\t\t\t\n\t\t\t<div class=\"wpb_video_wrapper\"><iframe title=\"PDMS moulding of manifolds with mesochannels for Fluid Switch and Perfusion System\" width=\"500\" height=\"281\" src=\"https:\/\/www.youtube.com\/embed\/r1Jx4Cne61U?feature=oembed\" frameborder=\"0\" allow=\"accelerometer; autoplay; clipboard-write; encrypted-media; gyroscope; picture-in-picture; web-share\" referrerpolicy=\"strict-origin-when-cross-origin\" allowfullscreen><\/iframe><\/div>\n\t\t<\/div>\n\t<\/div>\n<\/div><\/div><\/div><\/div>\n<\/div>","protected":false},"excerpt":{"rendered":"Fluid Switches and Manifolds for Microfluific Setups Do you know the situation during an experiment when you need a specific manifold, but you do not find them in the lab? It is so annoying to lose time for searching or alternatives. That's why we designed or selected several manifolds which can be used with silicone&hellip;","protected":false},"author":1,"featured_media":0,"parent":0,"menu_order":0,"comment_status":"closed","ping_status":"closed","template":"","meta":[],"_links":{"self":[{"href":"https:\/\/biophysical-tools.de\/de\/wp-json\/wp\/v2\/pages\/2472"}],"collection":[{"href":"https:\/\/biophysical-tools.de\/de\/wp-json\/wp\/v2\/pages"}],"about":[{"href":"https:\/\/biophysical-tools.de\/de\/wp-json\/wp\/v2\/types\/page"}],"author":[{"embeddable":true,"href":"https:\/\/biophysical-tools.de\/de\/wp-json\/wp\/v2\/users\/1"}],"replies":[{"embeddable":true,"href":"https:\/\/biophysical-tools.de\/de\/wp-json\/wp\/v2\/comments?post=2472"}],"version-history":[{"count":14,"href":"https:\/\/biophysical-tools.de\/de\/wp-json\/wp\/v2\/pages\/2472\/revisions"}],"predecessor-version":[{"id":2898,"href":"https:\/\/biophysical-tools.de\/de\/wp-json\/wp\/v2\/pages\/2472\/revisions\/2898"}],"wp:attachment":[{"href":"https:\/\/biophysical-tools.de\/de\/wp-json\/wp\/v2\/media?parent=2472"}],"curies":[{"name":"wp","href":"https:\/\/api.w.org\/{rel}","templated":true}]}}