{"id":25,"date":"2014-07-04T20:28:20","date_gmt":"2014-07-04T18:28:20","guid":{"rendered":"http:\/\/s534417346.online.de\/?page_id=25"},"modified":"2024-06-25T10:20:48","modified_gmt":"2024-06-25T08:20:48","slug":"micro-perfusion-system-kit-mps-8","status":"publish","type":"page","link":"https:\/\/biophysical-tools.de\/de\/micro-perfusion-system-kit-mps-8\/","title":{"rendered":"Micro Perfusion System MPS-X"},"content":{"rendered":"<div class=\"wpb-content-wrapper\"><div class=\"vc_row wpb_row vc_row-fluid\"><div class=\"wpb_column vc_column_container vc_col-sm-12\"><div class=\"vc_column-inner\"><div class=\"wpb_wrapper\">\n\t<div  class=\"wpb_single_image wpb_content_element vc_align_left wpb_content_element\">\n\t\t\n\t\t<figure class=\"wpb_wrapper vc_figure\">\n\t\t\t<div class=\"vc_single_image-wrapper   vc_box_border_grey\"><img width=\"1440\" height=\"500\" src=\"https:\/\/biophysical-tools.de\/wp-content\/uploads\/2024\/06\/MPS8_Banner-1.png\" class=\"vc_single_image-img attachment-full\" alt=\"MPS-X\" loading=\"lazy\" title=\"MPS8_Banner\" srcset=\"https:\/\/biophysical-tools.de\/wp-content\/uploads\/2024\/06\/MPS8_Banner-1.png 1440w, https:\/\/biophysical-tools.de\/wp-content\/uploads\/2024\/06\/MPS8_Banner-1-300x104.png 300w, https:\/\/biophysical-tools.de\/wp-content\/uploads\/2024\/06\/MPS8_Banner-1-1024x356.png 1024w, https:\/\/biophysical-tools.de\/wp-content\/uploads\/2024\/06\/MPS8_Banner-1-768x267.png 768w, https:\/\/biophysical-tools.de\/wp-content\/uploads\/2024\/06\/MPS8_Banner-1-18x6.png 18w\" sizes=\"(max-width: 1440px) 100vw, 1440px\" \/><\/div>\n\t\t<\/figure>\n\t<\/div>\n<div class=\"vc_empty_space\"   style=\"height: 32px\"><span class=\"vc_empty_space_inner\"><\/span><\/div>\n\t<div class=\"wpb_text_column wpb_content_element\" >\n\t\t<div class=\"wpb_wrapper\">\n\t\t\t<p><strong><span style=\"color: #3b3b3b;\"><span lang=\"en-US\">Micro Perfusion System MPS-X\u00a0<\/span><\/span><\/strong><span style=\"color: #000000;\"><span lang=\"en-US\">wurde f\u00fcr die die Perfusion von Zellen- und Gewebekulturen <\/span><\/span><span style=\"color: #000000;\"><span lang=\"en-US\">entwickelt, <\/span><\/span><span style=\"color: #000000;\"><span lang=\"en-US\">insbesondere<\/span><\/span> <span style=\"color: #000000;\"><span lang=\"en-US\">f\u00fcrs pr\u00e4zise <\/span><\/span><span style=\"color: #000000;\"><span lang=\"en-US\">und sanfte<\/span><\/span><span style=\"color: #000000;\"><span lang=\"en-US\"> Umschalten von Fl\u00fcssigkeiten <\/span><\/span><span style=\"color: #000000;\"><span lang=\"en-US\">zwischen einzelnen Kan\u00e4len, bis zu 8 Kan\u00e4le sind m\u00f6glich. Somit kann man das Perfusionssystem f\u00fcr die kontinuierliche Kultivierung und Beflutung von Zellen auf dem Chip oder in einer Kultivierungskammer einsetzen.<\/span><\/span><\/p>\n<p lang=\"en-US\"><span style=\"color: #000000;\"><span lang=\"en-US\">Das Perfusionssystem hat zwei Modi - manuell und automatisch - f\u00fcr die Zellen- und Gewebeperfusion und erlaubt die Realisierung von beliebigen Mischverh\u00e4ltnissen, beispielsweise f\u00fcr Dosis-Wirkung-Analysen.<\/span> Somit k\u00f6nnen mit dem Perfusionssystem eine klassische Perfusion oder der Fed-Batch-Ansatz sowohl im automatischen als auch im manuellen Modus realisiert werden.<\/span><\/p>\n<p><span style=\"color: #000000;\"><span lang=\"en-US\">Mit dem Mikroperfusionssystem MPS-X \u00fcbernimmt den Transport des ben\u00f6tigten Mediums automatisch zur Kultur oder den kompletten Pufferaustausch ohne Stress f\u00fcr die Zell- oder Gewebekultur. Das Perfusionssystem w\u00e4hlt und mischt<\/span><\/span><span style=\"color: #000000;\"><span lang=\"en-US\">Puffer, <\/span><\/span><span style=\"color: #000000;\"><span lang=\"en-US\">die<\/span><\/span><span style=\"color: #000000;\"><span lang=\"en-US\"> in die nachgeschaltete Zellkulturkammer <\/span><\/span><span style=\"color: #000000;\"><span lang=\"en-US\">oder den mikrofluidischen Chip flie\u00dfen. Man ist dabei nicht gezwungen, ein bestimmtes Design f\u00fcr einen Chip oder eine Zellkammer zu nehmen. Es kann jedes beliebige Design verwendet werden.<\/span><\/span><\/p>\n<p><span style=\"color: #000000;\"><span lang=\"en-US\">Das Mikroperfusionssystem <\/span><\/span><span style=\"color: #000000;\"><span lang=\"en-US\">besteht aus einem\u00a0<\/span><\/span><strong><span style=\"color: #3b3b3b;\"><span lang=\"en-US\">Flow Switch Controller\u00a0<\/span><\/span><\/strong><span style=\"color: #000000;\"><span lang=\"en-US\">und einem <\/span><\/span><strong><span style=\"color: #3b3b3b;\"><span lang=\"en-US\">Perfusionskopf PH-X. <\/span><\/span><\/strong><span style=\"color: #000000;\"><span lang=\"en-US\">Die Einlage mit der gew\u00e4hlten Kanalgeometrie\u00a0<\/span><\/span><span style=\"color: #000000;\"><span lang=\"en-US\">im Perfusionskopf l\u00e4sst sich entweder austauschen oder f\u00fcr mehrere Anwendungen nutzen.<\/span><\/span><span style=\"color: #000000;\"><span lang=\"en-US\">\u00a0Manche Einlagengeometrien k\u00f6nnen im gleichen Kopf verwendet werden.<\/span><\/span><span style=\"color: #000000;\"><span lang=\"en-US\"><br \/>\n<\/span><\/span><\/p>\n<p><span style=\"color: #000000;\"><span lang=\"en-US\">Das Mikroperfusionssystem<\/span><\/span><span style=\"color: #000000;\"><span lang=\"en-US\"> kann<\/span><\/span><span style=\"color: #000000;\"><span lang=\"en-US\">ly<\/span><\/span><span style=\"color: #000000;\"><span lang=\"en-US\"> durch andere Instrumente \u00fcber TTL-Signale. RS232 oder ein Skript auf einem USB-Stick steuern. Es kann also im automatischen Modus betrieben werden.<\/span><\/span><\/p>\n\n\t\t<\/div>\n\t<\/div>\n<\/div><\/div><\/div><\/div><div class=\"vc_row wpb_row vc_row-fluid\"><div class=\"wpb_column vc_column_container vc_col-sm-6\"><div class=\"vc_column-inner\"><div class=\"wpb_wrapper\">\n\t<div class=\"wpb_text_column wpb_content_element\" >\n\t\t<div class=\"wpb_wrapper\">\n\t\t\t<p><strong>Anwendungen mit dem Mikroperfusionssystem MPS-X<\/strong><\/p>\n<ul>\n<li>High-Content-Screening von Zell- und Gewebekulturen<\/li>\n<li>Cross-Interaction-Screening von Medikamenten und Reagenzien<\/li>\n<li>Elektrophysiologie<\/li>\n<li>Perfusion for organ-on-a-chip applications<\/li>\n<li>Erforschung von t\u00f6dlichen Lebensbedingungen<\/li>\n<li>Whenever it is important to apply or combine drugs and other substances carried by an interruption-free and stable throughflow, our system helps you to get better and more results. We carefully designed the system with the help of hydrodynamic simulations<\/li>\n<\/ul>\n\n\t\t<\/div>\n\t<\/div>\n<\/div><\/div><\/div><div class=\"wpb_column vc_column_container vc_col-sm-6\"><div class=\"vc_column-inner\"><div class=\"wpb_wrapper\">\n\t<div class=\"wpb_text_column wpb_content_element\" >\n\t\t<div class=\"wpb_wrapper\">\n\t\t\t<p><strong>Vorteile des Mikroperfusionssystems MPS-X<\/strong><\/p>\n<ul>\n<li>Etablieren Sie und kontrollieren Sie Zellen- und Gewebekulturen mit dem automatischen Modus des Perfusionssystems.<\/li>\n<li>Sie brauchen keine Peristaltikpumpen mehr. Weniger Zellstress und h\u00f6here \u00dcberlebensraten von Zell- und Gewebekulturen.<\/li>\n<li>Laminare Str\u00f6mung im Perfusion Head.<\/li>\n<li>Unterbrechungsfreies und schnelles Umschalten zwischen allen Kan\u00e4len. Beliebige Mischverh\u00e4ltnisse erlauben die Realisierung von automatischen Dosis-Wirkung-Analysen<\/li>\n<li>Einfaches Scale-up f\u00fcr Hochdurchsatz-Screening, kompakte, stapelbare Module<\/li>\n<li>Kontinuierliche \u00dcberwachung der Str\u00f6mung von Fl\u00fcssigkeiten dank transparenter Materialien (Gaseinschl\u00fcsse, Ausf\u00e4llungen, Kontamination sofort sichtbar)<\/li>\n<li>Integrierte schnelle Temperaturkontrolle<\/li>\n<li>Simple sterilisation (autoclaveable channel-layer)<\/li>\n<li>Einfache Scriptsprache f\u00fcr eine schnelle Entwicklung und Anpassung von Protokollen<\/li>\n<li>Perfundierde Fluide k\u00f6nnen zur\u00fcckgewonnen werden<\/li>\n<li>Reduced nucleation of air bubbles, because the liquids are pressurised<\/li>\n<\/ul>\n\n\t\t<\/div>\n\t<\/div>\n<\/div><\/div><\/div><\/div><div class=\"vc_row wpb_row vc_row-fluid\"><div class=\"wpb_column vc_column_container vc_col-sm-12\"><div class=\"vc_column-inner\"><div class=\"wpb_wrapper\">\n\t<div class=\"wpb_text_column wpb_content_element\" >\n\t\t<div class=\"wpb_wrapper\">\n\t\t\t<p><strong>Weitere Produktinformationen<\/strong><\/p>\n\n\t\t<\/div>\n\t<\/div>\n<\/div><\/div><\/div><\/div><div class=\"vc_row wpb_row vc_row-fluid\"><div class=\"wpb_column vc_column_container vc_col-sm-6\"><div class=\"vc_column-inner\"><div class=\"wpb_wrapper\">\n\t<div class=\"wpb_text_column wpb_content_element\" >\n\t\t<div class=\"wpb_wrapper\">\n\t\t\t<h5>Upgrade des Perfusionssystems - MPS-X<\/h5>\n<div id=\"ts-vcsc-youtube-7284532\" class=\"ts-video-container ts-ratio-sixteen-to-nine  ts-video-overlay-false\"  style=\"\"><iframe class=\"ts-video-iframe\" width=\"100%\" height=\"auto\"  src=\"https:\/\/www.youtube.com\/embed\/kApbbczVxkM?autoplay=0&showinfo=1&controls=1&autohide=1&rel=0&loop=0&modestbranding=0&mute=0&vq=auto&wmode=opaque\" frameborder=\"0\" webkitallowfullscreen mozallowfullscreen allowfullscreen allow=\"autoplay\"><\/iframe><\/div>\n\n\t\t<\/div>\n\t<\/div>\n<\/div><\/div><\/div><div class=\"wpb_column vc_column_container vc_col-sm-6\"><div class=\"vc_column-inner\"><div class=\"wpb_wrapper\">\n\t<div class=\"wpb_text_column wpb_content_element\" >\n\t\t<div class=\"wpb_wrapper\">\n\t\t\t<h5>Anwendungen mit dem Mikroperfusionssystem MPS-8<\/h5>\n<div id=\"ts-vcsc-youtube-9953049\" class=\"ts-video-container ts-ratio-sixteen-to-nine  ts-video-overlay-false\"  style=\"\"><iframe class=\"ts-video-iframe\" width=\"100%\" height=\"auto\"  src=\"https:\/\/www.youtube.com\/embed\/saKmuD1E1RA?autoplay=0&showinfo=1&controls=1&autohide=1&rel=0&loop=0&modestbranding=0&mute=0&vq=auto&wmode=opaque\" frameborder=\"0\" webkitallowfullscreen mozallowfullscreen allowfullscreen allow=\"autoplay\"><\/iframe><\/div>\n\n\t\t<\/div>\n\t<\/div>\n<\/div><\/div><\/div><\/div>\n<\/div>","protected":false},"excerpt":{"rendered":"Micro Perfusion System MPS-X\u00a0is designed for cell and tissue perfusion, especially for precise and gentle switching of liquids between different channels, up to eight channels. So, you can apply the perfusion system for continuous cultivation and flushing cells on a chip or in a cultivation chamber. It can be operated in manual and programmable mode&hellip;","protected":false},"author":1,"featured_media":0,"parent":0,"menu_order":0,"comment_status":"closed","ping_status":"closed","template":"","meta":[],"_links":{"self":[{"href":"https:\/\/biophysical-tools.de\/de\/wp-json\/wp\/v2\/pages\/25"}],"collection":[{"href":"https:\/\/biophysical-tools.de\/de\/wp-json\/wp\/v2\/pages"}],"about":[{"href":"https:\/\/biophysical-tools.de\/de\/wp-json\/wp\/v2\/types\/page"}],"author":[{"embeddable":true,"href":"https:\/\/biophysical-tools.de\/de\/wp-json\/wp\/v2\/users\/1"}],"replies":[{"embeddable":true,"href":"https:\/\/biophysical-tools.de\/de\/wp-json\/wp\/v2\/comments?post=25"}],"version-history":[{"count":59,"href":"https:\/\/biophysical-tools.de\/de\/wp-json\/wp\/v2\/pages\/25\/revisions"}],"predecessor-version":[{"id":2863,"href":"https:\/\/biophysical-tools.de\/de\/wp-json\/wp\/v2\/pages\/25\/revisions\/2863"}],"wp:attachment":[{"href":"https:\/\/biophysical-tools.de\/de\/wp-json\/wp\/v2\/media?parent=25"}],"curies":[{"name":"wp","href":"https:\/\/api.w.org\/{rel}","templated":true}]}}