{"id":2539,"date":"2021-07-15T22:56:43","date_gmt":"2021-07-15T20:56:43","guid":{"rendered":"https:\/\/biophysical-tools.de\/?page_id=2539"},"modified":"2024-06-25T10:37:40","modified_gmt":"2024-06-25T08:37:40","slug":"fluid-switch-fs","status":"publish","type":"page","link":"https:\/\/biophysical-tools.de\/de\/fluid-switch-fs\/","title":{"rendered":"Microfluidic Fluid Switch &#8211; FS"},"content":{"rendered":"<div class=\"wpb-content-wrapper\"><div class=\"vc_row wpb_row vc_row-fluid\"><div class=\"wpb_column vc_column_container vc_col-sm-12\"><div class=\"vc_column-inner\"><div class=\"wpb_wrapper\">\n\t<div  class=\"wpb_single_image wpb_content_element vc_align_left wpb_content_element\">\n\t\t\n\t\t<figure class=\"wpb_wrapper vc_figure\">\n\t\t\t<div class=\"vc_single_image-wrapper   vc_box_border_grey\"><img width=\"1440\" height=\"500\" src=\"https:\/\/biophysical-tools.de\/wp-content\/uploads\/2024\/06\/FluidSwitch_Banner.png\" class=\"vc_single_image-img attachment-full\" alt=\"FS\" loading=\"lazy\" title=\"FluidSwitch_Banner\" srcset=\"https:\/\/biophysical-tools.de\/wp-content\/uploads\/2024\/06\/FluidSwitch_Banner.png 1440w, https:\/\/biophysical-tools.de\/wp-content\/uploads\/2024\/06\/FluidSwitch_Banner-300x104.png 300w, https:\/\/biophysical-tools.de\/wp-content\/uploads\/2024\/06\/FluidSwitch_Banner-1024x356.png 1024w, https:\/\/biophysical-tools.de\/wp-content\/uploads\/2024\/06\/FluidSwitch_Banner-768x267.png 768w, https:\/\/biophysical-tools.de\/wp-content\/uploads\/2024\/06\/FluidSwitch_Banner-18x6.png 18w\" sizes=\"(max-width: 1440px) 100vw, 1440px\" \/><\/div>\n\t\t<\/figure>\n\t<\/div>\n<div class=\"vc_empty_space\"   style=\"height: 32px\"><span class=\"vc_empty_space_inner\"><\/span><\/div><\/div><\/div><\/div><\/div><div class=\"vc_row wpb_row vc_row-fluid\"><div class=\"wpb_column vc_column_container vc_col-sm-8\"><div class=\"vc_column-inner\"><div class=\"wpb_wrapper\">\n\t<div class=\"wpb_text_column wpb_content_element\" >\n\t\t<div class=\"wpb_wrapper\">\n\t\t\t<h5 lang=\"en-US\"><b><span style=\"color: #000000;\">Schnelles Schalten und Mischen\u00a0<span style=\"caret-color: #000000;\">von Fluiden mit dem Fluidumschalter - Fluid Switch FS<\/span>\u00a0\u2013 F<\/span><span style=\"color: #000000;\">S!<\/span><\/b><\/h5>\n<div class=\"page\" title=\"Page 1\">\n<div class=\"section\">\n<div class=\"layoutArea\">\n<div class=\"column\">\n<p>Der Fluidumschalter ist daf\u00fcr ausgelegt, zwischen verschiedenen Fl\u00fcssigkeiten in mehreren Kan\u00e4len - <strong>von 8 \u00fcber 16, 32 bis zu 64<\/strong> Kan\u00e4len zu schalten. Auf diese Weise k\u00f6nnen Sie einen schnellen Wechsel zwischen Fl\u00fcssigkeiten oder beispielsweise das Mischen in unterschiedlichen Verh\u00e4ltnissen realisieren.<\/p>\n<p>Der Fluid Switch kann \u00fcber die Steuersoftware von\u00a0<span style=\"color: #000000;\"><b>P<sup>2<\/sup>CS\u00a0<\/b><\/span>\u2013 jP2CS oder \u00fcber <span style=\"color: #000000;\"><b>P<sup>2<\/sup>CS<\/b><\/span> \u00fcber die serielle Schnittstelle gesteuert werden. Die eigenst\u00e4ndige Ger\u00e4teversion ist das <a href=\"https:\/\/biophysical-tools.de\/de\/products__trashed\/micro-perfusion-system-kit-mps-8\/\">Mikroperfusionssystem MPS-X<\/a>.<\/p>\n<p>Ventilmaterial von FS: PMMA und PEEK und EPDM oder FFPM.<\/p>\n<p>Einsatz von verschiedenen Konrektoren m\u00f6glich, der Fluid Switch ist mit M5-Anschl\u00fcssen ausgestattet (kompatibel mit UNF 32-10).<\/p>\n<\/div>\n<\/div>\n<\/div>\n<\/div>\n\n\t\t<\/div>\n\t<\/div>\n<\/div><\/div><\/div><div class=\"wpb_column vc_column_container vc_col-sm-4\"><div class=\"vc_column-inner\"><div class=\"wpb_wrapper\">\n\t<div class=\"wpb_text_column wpb_content_element\" >\n\t\t<div class=\"wpb_wrapper\">\n\t\t\t<p>Videos mit Anwendungen<\/p>\n\n\t\t<\/div>\n\t<\/div>\n<div class=\"vc_btn3-container vc_btn3-inline vc_do_btn\" ><a class=\"vc_general vc_btn3 vc_btn3-size-md vc_btn3-shape-rounded vc_btn3-style-modern vc_btn3-color-vista-blue\" href=\"https:\/\/biophysical-tools.de\/de\/microfluidic-flow-control-pressure-control-system-p2cs-videos\/\" title=\"Videos mit Anwendungen\">Videos mit m\u00f6glichen Anwendungen anschauen<\/a><\/div><\/div><\/div><\/div><\/div><div class=\"vc_row wpb_row vc_row-fluid\"><div class=\"wpb_column vc_column_container vc_col-sm-6\"><div class=\"vc_column-inner\"><div class=\"wpb_wrapper\">\n\t<div class=\"wpb_text_column wpb_content_element\" >\n\t\t<div class=\"wpb_wrapper\">\n\t\t\t<p>[text_output]<\/p>\n<h4><strong>Aufbau mit dem Fluidumschalter und P<sup>2<\/sup>CS<\/strong><\/h4>\n<p>&nbsp;<\/p>\n<p>Der dargestellte Aufbau besteht aus:<\/p>\n<p>\u2713 Fluid Switch mit einem Perfusionskopf<\/p>\n<p>\u2713 <a href=\"https:\/\/biophysical-tools.de\/de\/microfluidic-flow-control-precision-pressure-control-system\/\">Druckregler P<sup>2<\/sup>CS<\/a><\/p>\n<p>\u2713 <a href=\"https:\/\/biophysical-tools.de\/de\/products__trashed\/microfluidic-accessories\/\">Halterung f\u00fcr Vorratsbeh\u00e4lter (CMU)<\/a><\/p>\n<p>\u2713  mikrofluidischer Chip<\/p>\n<p>[\/text_output]<\/p>\n\n\t\t<\/div>\n\t<\/div>\n<\/div><\/div><\/div><div class=\"wpb_column vc_column_container vc_col-sm-6\"><div class=\"vc_column-inner\"><div class=\"wpb_wrapper\">\n\t<div class=\"wpb_text_column wpb_content_element\" >\n\t\t<div class=\"wpb_wrapper\">\n\t\t\t<p><a href=\"https:\/\/biophysical-tools.de\/wp-content\/uploads\/2021\/07\/FluidSwitch_Aufbau.png\"><img loading=\"lazy\" class=\"wp-image-2541 aligncenter\" src=\"https:\/\/biophysical-tools.de\/wp-content\/uploads\/2021\/07\/FluidSwitch_Aufbau.png\" alt=\"\" width=\"836\" height=\"591\" srcset=\"https:\/\/biophysical-tools.de\/wp-content\/uploads\/2021\/07\/FluidSwitch_Aufbau.png 1321w, https:\/\/biophysical-tools.de\/wp-content\/uploads\/2021\/07\/FluidSwitch_Aufbau-300x212.png 300w, https:\/\/biophysical-tools.de\/wp-content\/uploads\/2021\/07\/FluidSwitch_Aufbau-1024x724.png 1024w, https:\/\/biophysical-tools.de\/wp-content\/uploads\/2021\/07\/FluidSwitch_Aufbau-768x543.png 768w, https:\/\/biophysical-tools.de\/wp-content\/uploads\/2021\/07\/FluidSwitch_Aufbau-16x12.png 16w, https:\/\/biophysical-tools.de\/wp-content\/uploads\/2021\/07\/FluidSwitch_Aufbau-100x71.png 100w, https:\/\/biophysical-tools.de\/wp-content\/uploads\/2021\/07\/FluidSwitch_Aufbau-865x612.png 865w, https:\/\/biophysical-tools.de\/wp-content\/uploads\/2021\/07\/FluidSwitch_Aufbau-1184x837.png 1184w\" sizes=\"(max-width: 836px) 100vw, 836px\" \/><\/a><\/p>\n\n\t\t<\/div>\n\t<\/div>\n<\/div><\/div><\/div><\/div><div class=\"vc_row wpb_row vc_row-fluid\"><div class=\"wpb_column vc_column_container vc_col-sm-6\"><div class=\"vc_column-inner\"><div class=\"wpb_wrapper\">\n\t<div class=\"wpb_text_column wpb_content_element\" >\n\t\t<div class=\"wpb_wrapper\">\n\t\t\t<h4 style=\"text-align: left;\"><strong>Vorteile des Fluidumschalters<\/strong><\/h4>\n<p>&nbsp;<\/p>\n<div class=\"page\" title=\"Page 1\">\n<div class=\"section\">\n<div class=\"layoutArea\">\n<div class=\"column\">\n<p>\u2713 einfaches automatisches Mischen von Medien oder Reagenzien<\/p>\n<\/div>\n<\/div>\n<\/div>\n<\/div>\n<div class=\"page\" title=\"Page 1\">\n<div class=\"section\">\n<div class=\"layoutArea\">\n<div class=\"column\">\n<div class=\"page\" title=\"Page 1\">\n<div class=\"section\">\n<div class=\"layoutArea\">\n<div class=\"column\">\n<p>\u2713 stabile pulsationsfreie Str\u00f6mung im Perfusionskopf<\/p>\n<\/div>\n<\/div>\n<\/div>\n<\/div>\n<\/div>\n<\/div>\n<\/div>\n<\/div>\n<div class=\"page\" title=\"Page 1\">\n<div class=\"section\">\n<div class=\"layoutArea\">\n<div class=\"column\">\n<div class=\"page\" title=\"Page 1\">\n<div class=\"section\">\n<div class=\"layoutArea\">\n<div class=\"column\">\n<div class=\"page\" title=\"Page 1\">\n<div class=\"section\">\n<div class=\"layoutArea\">\n<div class=\"column\">\n<p>\u2713  schnelles und unterbrechungsfreies Umschalten<\/p>\n<\/div>\n<\/div>\n<\/div>\n<\/div>\n<\/div>\n<\/div>\n<\/div>\n<\/div>\n<\/div>\n<\/div>\n<\/div>\n<\/div>\n<div class=\"page\" title=\"Page 1\">\n<div class=\"section\">\n<div class=\"layoutArea\">\n<div class=\"column\">\n<div class=\"page\" title=\"Page 1\">\n<div class=\"section\">\n<div class=\"layoutArea\">\n<div class=\"column\">\n<div class=\"page\" title=\"Page 1\">\n<div class=\"section\">\n<div class=\"layoutArea\">\n<div class=\"column\">\n<div class=\"page\" title=\"Page 1\">\n<div class=\"section\">\n<div class=\"layoutArea\">\n<div class=\"column\">\n<p>\u2713 transparenter Perfusionskopf f\u00fcr eine bessere Beobachtung von Experimenten<\/p>\n<\/div>\n<\/div>\n<\/div>\n<\/div>\n<\/div>\n<\/div>\n<\/div>\n<\/div>\n<\/div>\n<\/div>\n<\/div>\n<\/div>\n<\/div>\n<\/div>\n<\/div>\n<\/div>\n<div class=\"page\" title=\"Page 1\">\n<div class=\"section\">\n<div class=\"layoutArea\">\n<div class=\"column\">\n<div class=\"page\" title=\"Page 1\">\n<div class=\"section\">\n<div class=\"layoutArea\">\n<div class=\"column\">\n<div class=\"page\" title=\"Page 1\">\n<div class=\"section\">\n<div class=\"layoutArea\">\n<div class=\"column\">\n<div class=\"page\" title=\"Page 1\">\n<div class=\"section\">\n<div class=\"layoutArea\">\n<div class=\"column\">\n<div class=\"page\" title=\"Page 1\">\n<div class=\"section\">\n<div class=\"layoutArea\">\n<div class=\"column\">\n<p>\u2713 verschiedene Kanalgeometrien des Perfusionskopfes f\u00fcrs Mischen, Multiplexen<\/p>\n<\/div>\n<\/div>\n<\/div>\n<\/div>\n<\/div>\n<\/div>\n<\/div>\n<\/div>\n<\/div>\n<\/div>\n<\/div>\n<\/div>\n<\/div>\n<\/div>\n<\/div>\n<\/div>\n<\/div>\n<\/div>\n<\/div>\n<\/div>\n\n\t\t<\/div>\n\t<\/div>\n<\/div><\/div><\/div><div class=\"wpb_column vc_column_container vc_col-sm-6\"><div class=\"vc_column-inner\"><div class=\"wpb_wrapper\">\n\t<div class=\"wpb_text_column wpb_content_element\" >\n\t\t<div class=\"wpb_wrapper\">\n\t\t\t<h4 style=\"text-align: left;\"><strong>Anwendungsgebiete des Fluid Switches<\/strong><\/h4>\n<div class=\"page\" title=\"Page 3\">\n<div class=\"section\">\n<div class=\"layoutArea\">\n<div class=\"column\">\n<p>&nbsp;<\/p>\n<p>\u2713 Perfusion der Zell- oder Gewebekultur<\/p>\n<\/div>\n<\/div>\n<\/div>\n<\/div>\n<div class=\"page\" title=\"Page 3\">\n<div class=\"section\">\n<div class=\"layoutArea\">\n<div class=\"column\">\n<div class=\"page\" title=\"Page 3\">\n<div class=\"section\">\n<div class=\"layoutArea\">\n<div class=\"column\">\n<p>\u2713 Dosis-Wirkung-Analyse<\/p>\n<\/div>\n<\/div>\n<\/div>\n<\/div>\n<\/div>\n<\/div>\n<\/div>\n<\/div>\n<div class=\"page\" title=\"Page 3\">\n<div class=\"section\">\n<div class=\"layoutArea\">\n<div class=\"column\">\n<div class=\"page\" title=\"Page 3\">\n<div class=\"section\">\n<div class=\"layoutArea\">\n<div class=\"column\">\n<div class=\"page\" title=\"Page 3\">\n<div class=\"section\">\n<div class=\"layoutArea\">\n<div class=\"column\">\n<p>\u2713 Mischen von Medien oder anderen Fl\u00fcssigkeiten in bestimmten Verh\u00e4ltnissen<\/p>\n<\/div>\n<\/div>\n<\/div>\n<\/div>\n<\/div>\n<\/div>\n<\/div>\n<\/div>\n<\/div>\n<\/div>\n<\/div>\n<\/div>\n<h4>\u00a0<\/h4>\n<h4 style=\"text-align: left;\"><strong>Nutzung von diversen Fluiden<\/strong><\/h4>\n<p>&nbsp;<\/p>\n<div class=\"page\" title=\"Page 3\">\n<div class=\"section\">\n<div class=\"layoutArea\">\n<div class=\"column\">\n<div class=\"page\" title=\"Page 3\">\n<div class=\"section\">\n<div class=\"layoutArea\">\n<div class=\"column\">\n<div class=\"page\" title=\"Page 3\">\n<div class=\"section\">\n<div class=\"layoutArea\">\n<div class=\"column\">\n<div class=\"page\" title=\"Page 3\">\n<div class=\"section\">\n<div class=\"layoutArea\">\n<div class=\"column\">\n<p>\u2713 Wasser<\/p>\n<\/div>\n<\/div>\n<\/div>\n<\/div>\n<\/div>\n<\/div>\n<\/div>\n<\/div>\n<\/div>\n<\/div>\n<\/div>\n<\/div>\n<\/div>\n<\/div>\n<\/div>\n<\/div>\n<div class=\"page\" title=\"Page 3\">\n<div class=\"section\">\n<div class=\"layoutArea\">\n<div class=\"column\">\n<div class=\"page\" title=\"Page 3\">\n<div class=\"section\">\n<div class=\"layoutArea\">\n<div class=\"column\">\n<div class=\"page\" title=\"Page 3\">\n<div class=\"section\">\n<div class=\"layoutArea\">\n<div class=\"column\">\n<div class=\"page\" title=\"Page 3\">\n<div class=\"section\">\n<div class=\"layoutArea\">\n<div class=\"column\">\n<p>\u2713 biologische Fl\u00fcssigkeiten<\/p>\n<\/div>\n<\/div>\n<\/div>\n<\/div>\n<\/div>\n<\/div>\n<\/div>\n<\/div>\n<\/div>\n<\/div>\n<\/div>\n<\/div>\n<\/div>\n<\/div>\n<\/div>\n<\/div>\n<div class=\"page\" title=\"Page 3\">\n<div class=\"section\">\n<div class=\"layoutArea\">\n<div class=\"column\">\n<div class=\"page\" title=\"Page 3\">\n<div class=\"section\">\n<div class=\"layoutArea\">\n<div class=\"column\">\n<div class=\"page\" title=\"Page 3\">\n<div class=\"section\">\n<div class=\"layoutArea\">\n<div class=\"column\">\n<div class=\"page\" title=\"Page 3\">\n<div class=\"section\">\n<div class=\"layoutArea\">\n<div class=\"column\">\n<div class=\"page\" title=\"Page 3\">\n<div class=\"section\">\n<div class=\"layoutArea\">\n<div class=\"column\">\n<p>\u2713 leicht salzige L\u00f6sungen<\/p>\n<\/div>\n<\/div>\n<\/div>\n<\/div>\n<\/div>\n<\/div>\n<\/div>\n<\/div>\n<\/div>\n<\/div>\n<\/div>\n<\/div>\n<\/div>\n<\/div>\n<\/div>\n<\/div>\n<\/div>\n<\/div>\n<\/div>\n<\/div>\n\n\t\t<\/div>\n\t<\/div>\n<\/div><\/div><\/div><\/div><div class=\"vc_row wpb_row vc_row-fluid\"><div class=\"wpb_column vc_column_container vc_col-sm-6\"><div class=\"vc_column-inner\"><div class=\"wpb_wrapper\">\n\t<div class=\"wpb_text_column wpb_content_element\" >\n\t\t<div class=\"wpb_wrapper\">\n\t\t\t<h4 style=\"text-align: left;\"><strong>Geometrien der Einlagen und PDMS-Gie\u00dfkit\u00a0<\/strong><\/h4>\n<p>&nbsp;<\/p>\n<div class=\"page\" title=\"Page 1\">\n<div class=\"section\">\n<div class=\"layoutArea\">\n<div class=\"column\">\n<p>Verf\u00fcgbar sind verschiedene Geometrien f\u00fcr Einlagen des Perfusionskopfes PH-X f\u00fcrs Mischen oder Verteilen von Fluiden, z.B.:<\/p>\n<p>\u2713 8 Eing\u00e4nge zu einem Ausgang<\/p>\n<\/div>\n<\/div>\n<\/div>\n<\/div>\n<div class=\"page\" title=\"Page 1\">\n<div class=\"section\">\n<div class=\"layoutArea\">\n<div class=\"column\">\n<div class=\"page\" title=\"Page 1\">\n<div class=\"section\">\n<div class=\"layoutArea\">\n<div class=\"column\">\n<p>\u2713\u00a0zweimal 4 Eing\u00e4nge zu zweimal je einen Ausgang<\/p>\n<\/div>\n<\/div>\n<\/div>\n<\/div>\n<\/div>\n<\/div>\n<\/div>\n<\/div>\n<div class=\"page\" title=\"Page 1\">\n<div class=\"section\">\n<div class=\"layoutArea\">\n<div class=\"column\">\n<div class=\"page\" title=\"Page 1\">\n<div class=\"section\">\n<div class=\"layoutArea\">\n<div class=\"column\">\n<div class=\"page\" title=\"Page 1\">\n<div class=\"section\">\n<div class=\"layoutArea\">\n<div class=\"column\">\n<p>\u2713 und mehr<\/p>\n<p>Ersatzeinlagen k\u00f6nnen direkt in Ihrem Labor mit unserem <a href=\"https:\/\/biophysical-tools.de\/de\/fluid-switches-manifolds\/\">PDMS-Gie\u00dfkit<\/a>(bestehend aus einer Gie\u00dfform mit der gew\u00e4hlten Geometrie und einigem Zubeh\u00f6r) hergestellt werden. Das PDMS-Reagenzienkit f\u00fcr die Herstellung muss separat bezogen werden, die Wahl h\u00e4ngt von Ihren Pr\u00e4ferenzen in Bezug auf die PDMS-Eigenschaften ab.<\/p>\n<\/div>\n<\/div>\n<\/div>\n<\/div>\n<\/div>\n<\/div>\n<\/div>\n<\/div>\n<\/div>\n<\/div>\n<\/div>\n<\/div>\n\n\t\t<\/div>\n\t<\/div>\n<\/div><\/div><\/div><div class=\"wpb_column vc_column_container vc_col-sm-6\"><div class=\"vc_column-inner\"><div class=\"wpb_wrapper\">\n\t<div class=\"wpb_text_column wpb_content_element\" >\n\t\t<div class=\"wpb_wrapper\">\n\t\t\t<h4 style=\"text-align: left;\"><strong>Standardprotokoll zur Herstellung von PDMS-Einalgen:\u00a0<\/strong><\/h4>\n\n\t\t<\/div>\n\t<\/div>\n\n\t<div class=\"wpb_video_widget wpb_content_element vc_clearfix   vc_video-aspect-ratio-169 vc_video-el-width-100 vc_video-align-left\" >\n\t\t<div class=\"wpb_wrapper\">\n\t\t\t\n\t\t\t<div class=\"wpb_video_wrapper\"><iframe title=\"PDMS moulding of manifolds with mesochannels for Fluid Switch and Perfusion System\" width=\"500\" height=\"281\" src=\"https:\/\/www.youtube.com\/embed\/r1Jx4Cne61U?feature=oembed\" frameborder=\"0\" allow=\"accelerometer; autoplay; clipboard-write; encrypted-media; gyroscope; picture-in-picture; web-share\" referrerpolicy=\"strict-origin-when-cross-origin\" allowfullscreen><\/iframe><\/div>\n\t\t<\/div>\n\t<\/div>\n<\/div><\/div><\/div><\/div><div class=\"vc_row wpb_row vc_row-fluid\"><div class=\"wpb_column vc_column_container vc_col-sm-12\"><div class=\"vc_column-inner\"><div class=\"wpb_wrapper\">\n\t<div class=\"wpb_text_column wpb_content_element\" >\n\t\t<div class=\"wpb_wrapper\">\n\t\t\t\n\t\t<\/div>\n\t<\/div>\n<\/div><\/div><\/div><\/div><\/div>","protected":false},"excerpt":{"rendered":"Fast Switching and Mixing\u00a0of Liquids with the Fluid Switch\u00a0\u2013 FS! The fluid switch is designed to switch between different liquids in several channels - starting with 8 via 16, 32 up to 64 channels. In this way you can realise fast switching between fluids or, for instance, mixing at different ratios. The fluid switch can&hellip;","protected":false},"author":1,"featured_media":0,"parent":0,"menu_order":9,"comment_status":"closed","ping_status":"closed","template":"","meta":[],"_links":{"self":[{"href":"https:\/\/biophysical-tools.de\/de\/wp-json\/wp\/v2\/pages\/2539"}],"collection":[{"href":"https:\/\/biophysical-tools.de\/de\/wp-json\/wp\/v2\/pages"}],"about":[{"href":"https:\/\/biophysical-tools.de\/de\/wp-json\/wp\/v2\/types\/page"}],"author":[{"embeddable":true,"href":"https:\/\/biophysical-tools.de\/de\/wp-json\/wp\/v2\/users\/1"}],"replies":[{"embeddable":true,"href":"https:\/\/biophysical-tools.de\/de\/wp-json\/wp\/v2\/comments?post=2539"}],"version-history":[{"count":15,"href":"https:\/\/biophysical-tools.de\/de\/wp-json\/wp\/v2\/pages\/2539\/revisions"}],"predecessor-version":[{"id":2878,"href":"https:\/\/biophysical-tools.de\/de\/wp-json\/wp\/v2\/pages\/2539\/revisions\/2878"}],"wp:attachment":[{"href":"https:\/\/biophysical-tools.de\/de\/wp-json\/wp\/v2\/media?parent=2539"}],"curies":[{"name":"wp","href":"https:\/\/api.w.org\/{rel}","templated":true}]}}