{"id":2562,"date":"2021-08-28T22:27:19","date_gmt":"2021-08-28T20:27:19","guid":{"rendered":"https:\/\/biophysical-tools.de\/?page_id=2562"},"modified":"2024-07-25T11:23:33","modified_gmt":"2024-07-25T09:23:33","slug":"microfluidic-mixers","status":"publish","type":"page","link":"https:\/\/biophysical-tools.de\/de\/microfluidic-mixers\/","title":{"rendered":"Mikrofluidische Mischer"},"content":{"rendered":"<div class=\"wpb-content-wrapper\"><div class=\"vc_row wpb_row vc_row-fluid\"><div class=\"wpb_column vc_column_container vc_col-sm-6\"><div class=\"vc_column-inner\"><div class=\"wpb_wrapper\">\n\t<div class=\"wpb_text_column wpb_content_element\" >\n\t\t<div class=\"wpb_wrapper\">\n\t\t\t<p style=\"text-align: center;\"><strong>Grunds\u00e4tze des Kanaldesigns f\u00fcr das raum-zeitliche Mischen<\/strong><\/p>\n<p style=\"text-align: center;\"><strong>Konzentrationsimpulse in mikrofluidischen Mischern<\/strong><\/p>\n<p>Verschiedene Anwendungen erfordern eine kontrollierte Mischung mehrerer Fluide in mikrofluidischen Ger\u00e4ten. Das Mischen in der Mikrofluidik stellt jedoch eine Herausforderung dar, da die Str\u00f6mung in den\nMikrokan\u00e4len laminar ist und die Reynolds-Zahlen durch Kanalabmessungen, Str\u00f6mungsgeschwindigkeit und kinetische\nViskosit\u00e4t der L\u00f6sung bestimmt werden. Der vorherrschende Mischungsmechanismus in einer einfachen Y-f\u00f6rmigen Verbindung zweier\nsich mischender Fluide w\u00e4re zum Beispiel die molekulare Diffusion.<span class=\"Apple-converted-space\">\u00a0<\/span><\/p>\n<p>Die meisten Mischtechniken konzentrieren sich auf das r\u00e4umliche Mischen,\nd. h. zwei Fl\u00fcssigkeiten an den Einl\u00e4ssen (z. B. Wasser und Tinte) mit\nkonstantem Volumenstrom werden kombiniert und zu einer Fl\u00fcssigkeit am\nAuslass gemischt. Hier wurden passive Mischmethoden von Kanaldesigns\nverwendet, z. B. Flie\u00dfkanalgeometrien mit schr\u00e4gen Vertiefungen oder\nRippen, variierende Kanalgeometrien, ver\u00e4nderte Kanaltopologien und\nKanaloberfl\u00e4chenmodifikationen. Beispielsweise unterst\u00fctzt und verst\u00e4rkt der mikrofluidische Mischer in Abbildung\n1  die Diffusion zwischen Wasser\n(transparent\/wei\u00df) und Tinte (blau) durch Scherstr\u00f6mungen in den\nschmalen Abschnitten und Taschen dazwischen, in denen sich Proben\nbefinden k\u00f6nnen. Dieser Mikromischer mischt zwei Fl\u00fcssigkeiten mit\nkonstanten Str\u00f6mungen r\u00e4umlich effizient.<\/p>\n\n\t\t<\/div>\n\t<\/div>\n\n\t<div class=\"wpb_text_column wpb_content_element\" >\n\t\t<div class=\"wpb_wrapper\">\n\t\t\t<p><!-- \/wp:shortcode --><\/p>\n\n\t\t<\/div>\n\t<\/div>\n<\/div><\/div><\/div><div class=\"wpb_column vc_column_container vc_col-sm-6\"><div class=\"vc_column-inner\"><div class=\"wpb_wrapper\"><div class=\"vc_empty_space\"   style=\"height: 32px\"><span class=\"vc_empty_space_inner\"><\/span><\/div>\n\t<div class=\"wpb_text_column wpb_content_element\" >\n\t\t<div class=\"wpb_wrapper\">\n\t\t\t<div id=\"attachment_2566\" style=\"width: 150px\" class=\"wp-caption aligncenter\"><a href=\"https:\/\/biophysical-tools.de\/wp-content\/uploads\/2021\/08\/Figure_1_Mixing.png\"><img aria-describedby=\"caption-attachment-2566\" loading=\"lazy\" class=\"wp-image-2566\" src=\"https:\/\/biophysical-tools.de\/wp-content\/uploads\/2021\/08\/Figure_1_Mixing.png\" alt=\"Mixing in a microfluidic channel\" width=\"140\" height=\"604\" srcset=\"https:\/\/biophysical-tools.de\/wp-content\/uploads\/2021\/08\/Figure_1_Mixing.png 152w, https:\/\/biophysical-tools.de\/wp-content\/uploads\/2021\/08\/Figure_1_Mixing-3x12.png 3w, https:\/\/biophysical-tools.de\/wp-content\/uploads\/2021\/08\/Figure_1_Mixing-100x432.png 100w\" sizes=\"(max-width: 140px) 100vw, 140px\" \/><\/a><p id=\"caption-attachment-2566\" class=\"wp-caption-text\">Figure 1<\/p><\/div>\n<p>&nbsp;<\/p>\n\n\t\t<\/div>\n\t<\/div>\n<\/div><\/div><\/div><\/div><div class=\"vc_row wpb_row vc_row-fluid\"><div class=\"wpb_column vc_column_container vc_col-sm-12\"><div class=\"vc_column-inner\"><div class=\"wpb_wrapper\">\n\t<div class=\"wpb_text_column wpb_content_element\" >\n\t\t<div class=\"wpb_wrapper\">\n\t\t\t<p><!-- \/wp:shortcode --><\/p>\n<p><!-- wp:shortcode --><\/p>\n\n\t\t<\/div>\n\t<\/div>\n\n\t<div class=\"wpb_text_column wpb_content_element\" >\n\t\t<div class=\"wpb_wrapper\">\n\t\t\t<p>Zeitabh\u00e4ngige Dosis-Wirkungs-Studien und neue Hochdurchsatztechnologien,\ninsbesondere Sequenzierungstechniken, erfordern ein zeitabh\u00e4ngiges\nMischen von Fl\u00fcssigkeiten. So k\u00f6nnen beispielsweise durch die \u00c4nderung\nder Dosiskonzentration im Laufe der Zeit oder die gepulste Dosiskonzentration (epigenetische) Adaptionsstudien und Studien zur Arzneimittelresistenz untersucht werden. Bei der Betrachtung von gepulsten Volumenstr\u00f6men von Mischfl\u00fcssigkeiten in einem Mikromischer haben Konstruktionen, die auf einer Durchmischung durch Verst\u00e4rkung des Diffusionsprozesses zwischen den Mischfl\u00fcssigkeiten beruhen, einen Nachteil, siehe Abbildung 2.<\/p>\n<div id=\"attachment_2567\" style=\"width: 501px\" class=\"wp-caption aligncenter\"><a href=\"https:\/\/biophysical-tools.de\/wp-content\/uploads\/2021\/08\/Figure_2_MIxing.png\"><img aria-describedby=\"caption-attachment-2567\" loading=\"lazy\" class=\"wp-image-2567\" src=\"https:\/\/biophysical-tools.de\/wp-content\/uploads\/2021\/08\/Figure_2_MIxing.png\" alt=\"\" width=\"491\" height=\"273\" srcset=\"https:\/\/biophysical-tools.de\/wp-content\/uploads\/2021\/08\/Figure_2_MIxing.png 1504w, https:\/\/biophysical-tools.de\/wp-content\/uploads\/2021\/08\/Figure_2_MIxing-300x167.png 300w, https:\/\/biophysical-tools.de\/wp-content\/uploads\/2021\/08\/Figure_2_MIxing-1024x569.png 1024w, https:\/\/biophysical-tools.de\/wp-content\/uploads\/2021\/08\/Figure_2_MIxing-768x427.png 768w, https:\/\/biophysical-tools.de\/wp-content\/uploads\/2021\/08\/Figure_2_MIxing-18x10.png 18w, https:\/\/biophysical-tools.de\/wp-content\/uploads\/2021\/08\/Figure_2_MIxing-100x56.png 100w, https:\/\/biophysical-tools.de\/wp-content\/uploads\/2021\/08\/Figure_2_MIxing-865x483.png 865w, https:\/\/biophysical-tools.de\/wp-content\/uploads\/2021\/08\/Figure_2_MIxing-1184x658.png 1184w\" sizes=\"(max-width: 491px) 100vw, 491px\" \/><\/a><p id=\"caption-attachment-2567\" class=\"wp-caption-text\">Figure 2<\/p><\/div>\n<p>Hier ist der Mischer so aufgebaut, dass er\nzwei Fl\u00fcssigkeiten, Wasser und Tinte, mischt. Zun\u00e4chst str\u00f6mt Wasser durch den Mikromischer (Abbildung 2). Dann wird ein intensiver Impuls konzentrierter Tinte in den Einlass gegeben. Die hochkonzentrierte Tinte am Einlass vermischt sich jedoch schnell in den Taschen des Mikrokanals. Der Impuls der konzentrierten Tinte wird stark verd\u00fcnnt, wenn er den Auslass erreicht. Infolgedessen nimmt die Tintenkonzentration am Auslass im Laufe der Zeit gleichm\u00e4\u00dfig zu und ab,\nanstatt eines kurzen und intensiven Impulses konzentrierter Tinte. Bei diesem m\u00e4anderf\u00f6rmigen Kanaldesign werden zwei Fl\u00fcssigkeiten in der Zeit gemischt, d. h. Einlassfl\u00fcssigkeiten mit zeitabh\u00e4ngigen Konzentrationen k\u00f6nnen sich in den Taschen des Kanals aufhalten und vermischen, was zu\neiner zeitlich gegl\u00e4tteten Auslasskonzentration f\u00fchrt.<\/p>\n<div id=\"attachment_2568\" style=\"width: 508px\" class=\"wp-caption aligncenter\"><a href=\"https:\/\/biophysical-tools.de\/wp-content\/uploads\/2021\/08\/Figure_3a_Mixing.png\"><img aria-describedby=\"caption-attachment-2568\" loading=\"lazy\" class=\"wp-image-2568\" src=\"https:\/\/biophysical-tools.de\/wp-content\/uploads\/2021\/08\/Figure_3a_Mixing.png\" alt=\"\" width=\"498\" height=\"325\" srcset=\"https:\/\/biophysical-tools.de\/wp-content\/uploads\/2021\/08\/Figure_3a_Mixing.png 627w, https:\/\/biophysical-tools.de\/wp-content\/uploads\/2021\/08\/Figure_3a_Mixing-300x196.png 300w, https:\/\/biophysical-tools.de\/wp-content\/uploads\/2021\/08\/Figure_3a_Mixing-18x12.png 18w, https:\/\/biophysical-tools.de\/wp-content\/uploads\/2021\/08\/Figure_3a_Mixing-100x65.png 100w\" sizes=\"(max-width: 498px) 100vw, 498px\" \/><\/a><p id=\"caption-attachment-2568\" class=\"wp-caption-text\">Figure 3a<\/p><\/div><br \/>\n<div id=\"attachment_2569\" style=\"width: 569px\" class=\"wp-caption aligncenter\"><a href=\"https:\/\/biophysical-tools.de\/wp-content\/uploads\/2021\/08\/Figure_3b_Mixing.png\"><img aria-describedby=\"caption-attachment-2569\" loading=\"lazy\" class=\"wp-image-2569\" src=\"https:\/\/biophysical-tools.de\/wp-content\/uploads\/2021\/08\/Figure_3b_Mixing.png\" alt=\"\" width=\"559\" height=\"336\" srcset=\"https:\/\/biophysical-tools.de\/wp-content\/uploads\/2021\/08\/Figure_3b_Mixing.png 892w, https:\/\/biophysical-tools.de\/wp-content\/uploads\/2021\/08\/Figure_3b_Mixing-300x180.png 300w, https:\/\/biophysical-tools.de\/wp-content\/uploads\/2021\/08\/Figure_3b_Mixing-768x461.png 768w, https:\/\/biophysical-tools.de\/wp-content\/uploads\/2021\/08\/Figure_3b_Mixing-18x12.png 18w, https:\/\/biophysical-tools.de\/wp-content\/uploads\/2021\/08\/Figure_3b_Mixing-100x60.png 100w, https:\/\/biophysical-tools.de\/wp-content\/uploads\/2021\/08\/Figure_3b_Mixing-865x519.png 865w\" sizes=\"(max-width: 559px) 100vw, 559px\" \/><\/a><p id=\"caption-attachment-2569\" class=\"wp-caption-text\">Figure 3b<\/p><\/div>\n<p>&nbsp;<\/p>\n<p>Ein weiterer typischer Mikromischer ist der topologische 3D-Mischer, z.\nB. die bekannte B\u00e4cker-Transformation in Abbildung 3A (Carri\u00e8re et al., <i>Physics of Fluids<\/i>\u00a0<b> 19,<\/b> 118110 (2007)). Hier werden zwei Fluide vertikal vereinigt, dann horizontal in zwei Kan\u00e4le aufgeteilt und wieder vertikal\nvereinigt. Bei mehreren Einheiten in einer Reihe f\u00fchrt dieses Kanaldesign zu einer Vermischung durch Schichtung der Fluide, was die Diffusionsprozesse drastisch erh\u00f6ht. Der Nachteil ist die nicht triviale\nHerstellung, die die Produktionskosten erheblich erh\u00f6hen kann. Um die\nhohen Herstellungskosten einiger topologischer Mischer zu umgehen,\nwerden h\u00e4ufig optimierte mehrschichtige Mischkan\u00e4le (oft als \"2,5D\"-Strukturen bezeichnet) bevorzugt (siehe Abbildung 3B), da ihre Herstellung oft deutlich kosteng\u00fcnstiger ist. Topologische Mikromischer bieten auch eine hervorragende r\u00e4umliche Durchmischung.<\/p>\n<div id=\"attachment_2570\" style=\"width: 1066px\" class=\"wp-caption aligncenter\"><a href=\"https:\/\/biophysical-tools.de\/wp-content\/uploads\/2021\/08\/Figure_4_Mixing.png\"><img aria-describedby=\"caption-attachment-2570\" loading=\"lazy\" class=\"wp-image-2570\" src=\"https:\/\/biophysical-tools.de\/wp-content\/uploads\/2021\/08\/Figure_4_Mixing.png\" alt=\"\" width=\"1056\" height=\"377\" srcset=\"https:\/\/biophysical-tools.de\/wp-content\/uploads\/2021\/08\/Figure_4_Mixing.png 1632w, https:\/\/biophysical-tools.de\/wp-content\/uploads\/2021\/08\/Figure_4_Mixing-300x107.png 300w, https:\/\/biophysical-tools.de\/wp-content\/uploads\/2021\/08\/Figure_4_Mixing-1024x365.png 1024w, https:\/\/biophysical-tools.de\/wp-content\/uploads\/2021\/08\/Figure_4_Mixing-768x274.png 768w, https:\/\/biophysical-tools.de\/wp-content\/uploads\/2021\/08\/Figure_4_Mixing-1536x548.png 1536w, https:\/\/biophysical-tools.de\/wp-content\/uploads\/2021\/08\/Figure_4_Mixing-18x6.png 18w, https:\/\/biophysical-tools.de\/wp-content\/uploads\/2021\/08\/Figure_4_Mixing-100x36.png 100w, https:\/\/biophysical-tools.de\/wp-content\/uploads\/2021\/08\/Figure_4_Mixing-865x308.png 865w, https:\/\/biophysical-tools.de\/wp-content\/uploads\/2021\/08\/Figure_4_Mixing-1184x422.png 1184w\" sizes=\"(max-width: 1056px) 100vw, 1056px\" \/><\/a><p id=\"caption-attachment-2570\" class=\"wp-caption-text\">Figure 4<\/p><\/div>\n<p>&nbsp;<\/p>\n<p>Au\u00dferdem k\u00f6nnen topologische Mischer mit minimaler zeitlicher Durchmischung konstruiert werden (siehe Abbildung 4). Ein konzentrierter Tintenimpuls am Einlass flie\u00dft durch den Mikromischer und wird nicht\nstark verd\u00fcnnt, bis er den Auslass erreicht. Dies wird vor allem dadurch erreicht, dass Hohlr\u00e4ume, in denen sich Fl\u00fcssigkeiten ansammeln k\u00f6nnen, minimiert werden, wodurch die Verweilzeit einer Fl\u00fcssigkeit auf ein Minimum reduziert wird, und dass die Geometrie der Split-and-Recombine-Kan\u00e4le so optimiert wird, dass die Str\u00f6mungswege,\ndie ein Fluidelement durch den Mikromischer nehmen kann, gleich wahrscheinlich sind, d. h., es gibt keine \"\u00dcberholspur\" in den\nmikrofluidischen Mischern. Somit bieten topologische Mikromischer eine\nhervorragende M\u00f6glichkeit f\u00fcr zeitaufgel\u00f6ste mikrofluidische Dosis-Wirkungs-Studien.<\/p>\n<p><em>Verfasser: Dr. H. Kubitschke<\/em><\/p>\n\n\t\t<\/div>\n\t<\/div>\n<\/div><\/div><\/div><\/div><div class=\"vc_row wpb_row vc_row-fluid\"><div class=\"wpb_column vc_column_container vc_col-sm-6\"><div class=\"vc_column-inner\"><div class=\"wpb_wrapper\">\n\t<div class=\"wpb_text_column wpb_content_element\" >\n\t\t<div class=\"wpb_wrapper\">\n\t\t\t<p><strong>Melden Sie sich zu unserem Newsletter an! <\/strong><\/p>\n<p>Diese Seite wird regelm\u00e4\u00dfig mit neuen technischen und Anwendungshinweisen sowie Hintergrundinformationen zu Mikrofluidik, Hydrodynamik aktualisiert. Abonnieren Sie unseren Newsletter, um fr\u00fchzeitig \u00fcber Ver\u00f6ffentlichung neuer Beitr\u00e4ge zu erfahren.<\/p>\n\n\t\t<\/div>\n\t<\/div>\n<\/div><\/div><\/div><div class=\"wpb_column vc_column_container vc_col-sm-6\"><div class=\"vc_column-inner\"><div class=\"wpb_wrapper\">\n\t<div class=\"wpb_raw_code wpb_raw_html wpb_content_element\" >\n\t\t<div class=\"wpb_wrapper\">\n\t\t\t<div class=\"tnp tnp-subscription\">\n<form method=\"post\" action=\"https:\/\/biophysical-tools.de\/de\/?na=s\" data-trp-original-action=\"https:\/\/biophysical-tools.de\/de\/?na=s\">\n\n<input type=\"hidden\" name=\"nlang\" value=\"\"><div class=\"tnp-field tnp-field-email\"><label for=\"tnp-1\">Email<\/label>\n<input class=\"tnp-email\" type=\"email\" name=\"ne\" id=\"tnp-1\" value=\"\" required><\/div>\n<div class=\"tnp-field tnp-field-button\"><input class=\"tnp-submit\" type=\"submit\" value=\"Anmelden\" >\n<\/div>\n<input type=\"hidden\" name=\"trp-form-language\" value=\"de\"\/><\/form>\n<\/div>\n\n\t\t<\/div>\n\t<\/div>\n<\/div><\/div><\/div><\/div><\/div>","protected":false},"excerpt":{"rendered":"Principles of Channel Design for Spatio-Temporal Mixing Concentration Pulses in Microfluidic Mixer Various applications require a controlled mixing of multiple fluids in microfluidic devices. However, microfluidic mixing represents a challenge due to the laminar flow regime in microchannels, which result from low Reynolds numbers determined by the channel dimensions, flow velocity, and kinetic viscosity of&hellip;","protected":false},"author":1,"featured_media":0,"parent":0,"menu_order":0,"comment_status":"closed","ping_status":"closed","template":"","meta":[],"_links":{"self":[{"href":"https:\/\/biophysical-tools.de\/de\/wp-json\/wp\/v2\/pages\/2562"}],"collection":[{"href":"https:\/\/biophysical-tools.de\/de\/wp-json\/wp\/v2\/pages"}],"about":[{"href":"https:\/\/biophysical-tools.de\/de\/wp-json\/wp\/v2\/types\/page"}],"author":[{"embeddable":true,"href":"https:\/\/biophysical-tools.de\/de\/wp-json\/wp\/v2\/users\/1"}],"replies":[{"embeddable":true,"href":"https:\/\/biophysical-tools.de\/de\/wp-json\/wp\/v2\/comments?post=2562"}],"version-history":[{"count":20,"href":"https:\/\/biophysical-tools.de\/de\/wp-json\/wp\/v2\/pages\/2562\/revisions"}],"predecessor-version":[{"id":2903,"href":"https:\/\/biophysical-tools.de\/de\/wp-json\/wp\/v2\/pages\/2562\/revisions\/2903"}],"wp:attachment":[{"href":"https:\/\/biophysical-tools.de\/de\/wp-json\/wp\/v2\/media?parent=2562"}],"curies":[{"name":"wp","href":"https:\/\/api.w.org\/{rel}","templated":true}]}}