{"id":42,"date":"2014-07-04T20:34:53","date_gmt":"2014-07-04T18:34:53","guid":{"rendered":"http:\/\/s534417346.online.de\/?page_id=42"},"modified":"2024-06-25T10:43:55","modified_gmt":"2024-06-25T08:43:55","slug":"services","status":"publish","type":"page","link":"https:\/\/biophysical-tools.de\/de\/services\/","title":{"rendered":"Dienstleistungen"},"content":{"rendered":"<div class=\"wpb-content-wrapper\"><div class=\"vc_row wpb_row vc_row-fluid\"><div class=\"wpb_column vc_column_container vc_col-sm-12\"><div class=\"vc_column-inner\"><div class=\"wpb_wrapper\">\n\t<div  class=\"wpb_single_image wpb_content_element vc_align_left wpb_content_element\">\n\t\t\n\t\t<figure class=\"wpb_wrapper vc_figure\">\n\t\t\t<div class=\"vc_single_image-wrapper   vc_box_border_grey\"><img width=\"1440\" height=\"500\" src=\"https:\/\/biophysical-tools.de\/wp-content\/uploads\/2024\/06\/Services_Banner.png\" class=\"vc_single_image-img attachment-full\" alt=\"Services\" loading=\"lazy\" title=\"Services_Banner\" srcset=\"https:\/\/biophysical-tools.de\/wp-content\/uploads\/2024\/06\/Services_Banner.png 1440w, https:\/\/biophysical-tools.de\/wp-content\/uploads\/2024\/06\/Services_Banner-300x104.png 300w, https:\/\/biophysical-tools.de\/wp-content\/uploads\/2024\/06\/Services_Banner-1024x356.png 1024w, https:\/\/biophysical-tools.de\/wp-content\/uploads\/2024\/06\/Services_Banner-768x267.png 768w, https:\/\/biophysical-tools.de\/wp-content\/uploads\/2024\/06\/Services_Banner-18x6.png 18w\" sizes=\"(max-width: 1440px) 100vw, 1440px\" \/><\/div>\n\t\t<\/figure>\n\t<\/div>\n<div class=\"vc_empty_space\"   style=\"height: 32px\"><span class=\"vc_empty_space_inner\"><\/span><\/div>\n\t<div class=\"wpb_text_column wpb_content_element\" >\n\t\t<div class=\"wpb_wrapper\">\n\t\t\t<p><span style=\"color: #000000;\"><span lang=\"en-US\">Vor der Herstellung von Mikrofluidik-Chips, insbesondere vor dem Spritzguss, ist es sinnvoll zu pr\u00fcfen, ob die h\u00e4ufigsten Probleme ber\u00fccksichtigt wurden: <\/span><\/span><\/p>\n<p><span style=\"color: #000000;\"><span lang=\"en-US\">\u2713  Passt das Chipdesign optimal zum Ziel der Experimente? <\/span><\/span><\/p>\n<p><span style=\"color: #000000;\"><span lang=\"en-US\">\u2713 Ist die Str\u00f6mung im Chip gen\u00fcgend charakterisiert worden? <\/span><\/span><\/p>\n<p><span style=\"color: #000000;\"><span lang=\"en-US\">\u2713 Welcher Zugang soll f\u00fcr eine optimale Str\u00f6mungskontrolle im Mikrofluidiksystem genutzt werden: volumen- oder druckbasiert?<\/span><\/span><\/p>\n<p><span style=\"color: #000000;\"><span lang=\"en-US\">\u2713 Brauchen Sie Feedback zur Flussrate im Chip? Was soll kontrolliert werden: Geschwindigkeit, Volumen- oder Massenstrom? <\/span><\/span><\/p>\n<p><span style=\"color: #000000;\"><span lang=\"en-US\">\u2713 Wir helfen Ihnen, diese und weitere Fragen<\/span><\/span><span style=\"color: #000000;\"><span lang=\"en-US\">zu<\/span><\/span><span style=\"color: #000000;\"><span lang=\"en-US\"> beantworten.<\/span><\/span><\/p>\n\n\t\t<\/div>\n\t<\/div>\n<\/div><\/div><\/div><\/div><div class=\"vc_row wpb_row vc_row-fluid\"><div class=\"wpb_column vc_column_container vc_col-sm-6\"><div class=\"vc_column-inner\"><div class=\"wpb_wrapper\">\n\t<div class=\"wpb_text_column wpb_content_element\" >\n\t\t<div class=\"wpb_wrapper\">\n\t\t\t<h4>Anwendungen<\/h4>\n<p>&nbsp;<\/p>\n<p>\u2713 Planung und Realisierung von innovativen mikrofluidischen Chips.<\/p>\n<p>\u2713 Planung von Experimenten f\u00fcr die Biologie, Biochemie, Flow Chemistry, Biophysik und andere Wissenschaften.<\/p>\n<p>\u2713 Produktentwicklung und Markteinf\u00fchrung von mikrofluidischen Systemen.<\/p>\n<p>\u2713 Bewertung der neuartigen mikro- oder mesofluidischen Technologie vom wissenschaftlichen Standpunkt aus, insbesondere Analyse der Fluiddynamik.<\/p>\n<p>\u2713 Einsch\u00e4tzung der Fluiddynamik.<\/p>\n\n\t\t<\/div>\n\t<\/div>\n<\/div><\/div><\/div><div class=\"wpb_column vc_column_container vc_col-sm-6\"><div class=\"vc_column-inner\"><div class=\"wpb_wrapper\">\n\t<div class=\"wpb_text_column wpb_content_element\" >\n\t\t<div class=\"wpb_wrapper\">\n\t\t\t<h4>Vorteile<\/h4>\n<p>&nbsp;<\/p>\n<p>\u2713 Niedrigere Kosten der Produktentwicklung, da durch Simulationen und Technologiebewertung Risiken erkannt und iterative Schritte im Entwicklungsprozess eliminiert werden k\u00f6nnen.<\/p>\n<p>\u2713 Mehr Sicherheit in der Versuchsplanung und k\u00fcrzere Forschungszyklen mit besseren Resultaten.<\/p>\n<p>\u2713 Profitieren Sie von unserem Fachwissen in verschiedenen Bereichen: Mikrofluidik, Hydrodynamik und Markteinf\u00fchrung innovativer Technologien, insbesondere Prozessmanagement und Finanzierung.<\/p>\n\n\t\t<\/div>\n\t<\/div>\n<\/div><\/div><\/div><\/div><div class=\"vc_row wpb_row vc_row-fluid\"><div class=\"wpb_column vc_column_container vc_col-sm-3\"><div class=\"vc_column-inner\"><div class=\"wpb_wrapper\"><div class=\"vc_icon_element vc_icon_element-outer vc_do_icon vc_icon_element-align-left\"><div class=\"vc_icon_element-inner vc_icon_element-color-vista_blue vc_icon_element-size-md vc_icon_element-style- vc_icon_element-background-color-grey\" ><span class=\"vc_icon_element-icon fas fa-hand-point-down\" ><\/span><\/div><\/div>\n\t<div class=\"wpb_text_column wpb_content_element\" >\n\t\t<div class=\"wpb_wrapper\">\n\t\t\t<p><strong>Technologiebewertung<\/strong><\/p>\n<p><span style=\"color: #000000;\"><span lang=\"en-US\">Wir unterst\u00fctzen Sie bei der Bewertung und Optimierung von Projekten: von der Experimentplanung \u00fcber das Design von mikrofluidischen Chips bis hin zu deren Herstellung. Wir entwickeln auch Chip-Designs f\u00fcr Ihre Anwendungen.<\/span><\/span><\/p>\n\n\t\t<\/div>\n\t<\/div>\n<\/div><\/div><\/div><div class=\"wpb_column vc_column_container vc_col-sm-3\"><div class=\"vc_column-inner\"><div class=\"wpb_wrapper\"><div class=\"vc_icon_element vc_icon_element-outer vc_do_icon vc_icon_element-align-left\"><div class=\"vc_icon_element-inner vc_icon_element-color-vista_blue vc_icon_element-size-md vc_icon_element-style- vc_icon_element-background-color-grey\" ><span class=\"vc_icon_element-icon fas fa-hand-point-right\" ><\/span><\/div><\/div>\n\t<div class=\"wpb_text_column wpb_content_element\" >\n\t\t<div class=\"wpb_wrapper\">\n\t\t\t<p><strong>Hydrodynamische Simulationen von Kanalgeometrien<\/strong><\/p>\n<p><span style=\"color: #000000;\"><span lang=\"en-US\">Wir analysieren die Fluiddynamik in Ihrer Anwendung vor den aufw\u00e4ndigen Schritten der Herstellung von mikrofluidischen Chips und simulieren Anwendungen mit Fl\u00fcssigkeiten unterschiedlicher Viskosit\u00e4t, Fl\u00fcssigkeitsgemischen, Temperaturgradienten, Diffusions- und Advektionsmischungen. <\/span><\/span><span style=\"color: #000000;\"><span lang=\"en-US\">mixing.<\/span><\/span><\/p>\n<p><span style=\"color: #000000;\"><span lang=\"en-US\">Sprechen Sie uns an, um festzustellen, ob die Simulation in Ihrem Fall zielf\u00fchrend ist.<\/span><\/span><\/p>\n\n\t\t<\/div>\n\t<\/div>\n<\/div><\/div><\/div><div class=\"wpb_column vc_column_container vc_col-sm-3\"><div class=\"vc_column-inner\"><div class=\"wpb_wrapper\"><div class=\"vc_icon_element vc_icon_element-outer vc_do_icon vc_icon_element-align-left\"><div class=\"vc_icon_element-inner vc_icon_element-color-vista_blue vc_icon_element-size-md vc_icon_element-style- vc_icon_element-background-color-grey\" ><span class=\"vc_icon_element-icon fas fa-hand-point-up\" ><\/span><\/div><\/div>\n\t<div class=\"wpb_text_column wpb_content_element\" >\n\t\t<div class=\"wpb_wrapper\">\n\t\t\t<p><strong>Rapid Prototyping von Chips<\/strong><\/p>\n<p><span style=\"color: #000000;\"><span lang=\"en-US\">Fragen Sie uns nach m\u00f6glichen Ans\u00e4tzen zur Testung der Chipdesigns, bevor Sie zum Spritzguss gehen. Ein paar Experimente <\/span><\/span><span style=\"color: #000000;\"><span lang=\"en-US\">mit <\/span><\/span><span style=\"color: #000000;\"><span lang=\"en-US\">PDMS <\/span><\/span><span style=\"color: #000000;\"><span lang=\"en-US\">f\u00fcr Mikrofluidikchips<\/span><\/span><span style=\"color: #000000;\"><span lang=\"en-US\"> oder mit Fr\u00e4steilen<\/span><\/span><span style=\"color: #000000;\"><span lang=\"en-US\">s<\/span><\/span><span style=\"color: #000000;\"><span lang=\"en-US\"> k\u00f6nnen in manchen F\u00e4llen einige zus\u00e4tzliche <\/span><\/span><span style=\"color: #000000;\"><span lang=\"en-US\">kostenintensive <\/span><\/span><span style=\"color: #000000;\"><span lang=\"en-US\">Schritte in der Chipherstellung ersparen.<\/span><\/span><\/p>\n\n\t\t<\/div>\n\t<\/div>\n<\/div><\/div><\/div><div class=\"wpb_column vc_column_container vc_col-sm-3\"><div class=\"vc_column-inner\"><div class=\"wpb_wrapper\"><div class=\"vc_icon_element vc_icon_element-outer vc_do_icon vc_icon_element-align-left\"><div class=\"vc_icon_element-inner vc_icon_element-color-vista_blue vc_icon_element-size-md vc_icon_element-style- vc_icon_element-background-color-grey\" ><span class=\"vc_icon_element-icon fas fa-hand-point-left\" ><\/span><\/div><\/div>\n\t<div class=\"wpb_text_column wpb_content_element\" >\n\t\t<div class=\"wpb_wrapper\">\n\t\t\t<p><strong>Trainings on Microfluidics and more &#8211; Let it flow!<\/strong><\/p>\n<p><span style=\"color: #000000;\"><span lang=\"en-US\">Wir bieten Schulungen im Bereich Mikrofluidik an - angefangen von der Einf\u00fchrung in die Hydrodynamik, \u00b5TAS bis hin zu Fragen der Produkteinf\u00fchrung, wie EMV-Pr\u00fcfung, technisches Projektmanagement, Vertrieb und Finanzierung.<\/span><\/span><\/p>\n\n\t\t<\/div>\n\t<\/div>\n<\/div><\/div><\/div><\/div><div class=\"vc_row wpb_row vc_row-fluid\"><div class=\"wpb_column vc_column_container vc_col-sm-4\"><div class=\"vc_column-inner\"><div class=\"wpb_wrapper\"><\/div><\/div><\/div><div class=\"wpb_column vc_column_container vc_col-sm-4\"><div class=\"vc_column-inner\"><div class=\"wpb_wrapper\"><div class=\"vc_btn3-container vc_btn3-inline vc_do_btn\" ><a class=\"vc_general vc_btn3 vc_btn3-size-md vc_btn3-shape-rounded vc_btn3-style-modern vc_btn3-color-vista-blue\" href=\"https:\/\/biophysical-tools.de\/de\/contact-us\/\" title=\"Kontakt\">Weitere Informationen anfragen<\/a><\/div><\/div><\/div><\/div><div class=\"wpb_column vc_column_container vc_col-sm-4\"><div class=\"vc_column-inner\"><div class=\"wpb_wrapper\"><\/div><\/div><\/div><\/div><div class=\"vc_row wpb_row vc_row-fluid\"><div class=\"wpb_column vc_column_container vc_col-sm-12\"><div class=\"vc_column-inner\"><div class=\"wpb_wrapper\">\n\t<div class=\"wpb_text_column wpb_content_element\" >\n\t\t<div class=\"wpb_wrapper\">\n\t\t\t<p>Weitere Informationen \u00fcber die hydrodynamische Simulation und den Prozess finden Sie in den folgenden Folien:<\/p>\n\n\t\t<\/div>\n\t<\/div>\n<\/div><\/div><\/div><\/div><div class=\"vc_row wpb_row vc_row-fluid\"><div class=\"wpb_column vc_column_container vc_col-sm-12\"><div class=\"vc_column-inner\"><div class=\"wpb_wrapper\">\n\t<div class=\"wpb_text_column wpb_content_element\" >\n\t\t<div class=\"wpb_wrapper\">\n\t\t\t\n\t\t<\/div>\n\t<\/div>\n<\/div><\/div><\/div><\/div><\/div>","protected":false},"excerpt":{"rendered":"Prior to fabrication of microfluidic chips, especially injection molding, check whether you considered the most common issues: \u2713 Is your chip design optimal for your experimental goals? \u2713 Is the flow on a chip characterized properly? \u2713 Which approach is optimal for the flow control in your microfluidic device \u2013 volume-based or pressure-driven? \u2713 Do&hellip;","protected":false},"author":1,"featured_media":0,"parent":0,"menu_order":20,"comment_status":"closed","ping_status":"closed","template":"","meta":[],"_links":{"self":[{"href":"https:\/\/biophysical-tools.de\/de\/wp-json\/wp\/v2\/pages\/42"}],"collection":[{"href":"https:\/\/biophysical-tools.de\/de\/wp-json\/wp\/v2\/pages"}],"about":[{"href":"https:\/\/biophysical-tools.de\/de\/wp-json\/wp\/v2\/types\/page"}],"author":[{"embeddable":true,"href":"https:\/\/biophysical-tools.de\/de\/wp-json\/wp\/v2\/users\/1"}],"replies":[{"embeddable":true,"href":"https:\/\/biophysical-tools.de\/de\/wp-json\/wp\/v2\/comments?post=42"}],"version-history":[{"count":44,"href":"https:\/\/biophysical-tools.de\/de\/wp-json\/wp\/v2\/pages\/42\/revisions"}],"predecessor-version":[{"id":2882,"href":"https:\/\/biophysical-tools.de\/de\/wp-json\/wp\/v2\/pages\/42\/revisions\/2882"}],"wp:attachment":[{"href":"https:\/\/biophysical-tools.de\/de\/wp-json\/wp\/v2\/media?parent=42"}],"curies":[{"name":"wp","href":"https:\/\/api.w.org\/{rel}","templated":true}]}}