{"id":45,"date":"2014-07-04T20:35:18","date_gmt":"2014-07-04T18:35:18","guid":{"rendered":"http:\/\/s534417346.online.de\/?page_id=45"},"modified":"2024-06-25T11:47:26","modified_gmt":"2024-06-25T09:47:26","slug":"about-us","status":"publish","type":"page","link":"https:\/\/biophysical-tools.de\/de\/about-us\/","title":{"rendered":"\u00dcber uns"},"content":{"rendered":"<div class=\"wpb-content-wrapper\"><div class=\"vc_row wpb_row vc_row-fluid\"><div class=\"ts-viewport-column ts-viewport-animation\" data-offset=\"50%\" data-scrollup = \"false\" data-factor=\"0.33\" data-viewport=\"ts-viewport-css-fadeIn\" data-speed=\"2000\"><\/div><div class=\"wpb_column vc_column_container vc_col-sm-12\"><div class=\"vc_column-inner\"><div class=\"wpb_wrapper\">\n\t<div  class=\"wpb_single_image wpb_content_element vc_align_left wpb_content_element\">\n\t\t\n\t\t<figure class=\"wpb_wrapper vc_figure\">\n\t\t\t<div class=\"vc_single_image-wrapper   vc_box_border_grey\"><img width=\"1440\" height=\"500\" src=\"https:\/\/biophysical-tools.de\/wp-content\/uploads\/2024\/06\/About_us_Banner.png\" class=\"vc_single_image-img attachment-full\" alt=\"About us\" loading=\"lazy\" title=\"About_us_Banner\" srcset=\"https:\/\/biophysical-tools.de\/wp-content\/uploads\/2024\/06\/About_us_Banner.png 1440w, https:\/\/biophysical-tools.de\/wp-content\/uploads\/2024\/06\/About_us_Banner-300x104.png 300w, https:\/\/biophysical-tools.de\/wp-content\/uploads\/2024\/06\/About_us_Banner-1024x356.png 1024w, https:\/\/biophysical-tools.de\/wp-content\/uploads\/2024\/06\/About_us_Banner-768x267.png 768w, https:\/\/biophysical-tools.de\/wp-content\/uploads\/2024\/06\/About_us_Banner-18x6.png 18w\" sizes=\"(max-width: 1440px) 100vw, 1440px\" \/><\/div>\n\t\t<\/figure>\n\t<\/div>\n<div class=\"vc_empty_space\"   style=\"height: 32px\"><span class=\"vc_empty_space_inner\"><\/span><\/div><\/div><\/div><\/div><\/div><div class=\"vc_row wpb_row vc_row-fluid\"><div class=\"wpb_column vc_column_container vc_col-sm-12\"><div class=\"vc_column-inner\"><div class=\"wpb_wrapper\">\n\t<div class=\"wpb_text_column wpb_content_element\" >\n\t\t<div class=\"wpb_wrapper\">\n\t\t\t<p style=\"text-align: justify;\">Biophysical Tools GmbH ist Ihr kompetenter Partner f\u00fcr <strong>Mikrofluidik<\/strong> - von der Planung des Experiments bis hin zu dessen Durchf\u00fchrung. Wir sind Experten f\u00fcr ultrapr\u00e4zise und -schnelle <strong>Str\u00f6mungskontrolle von Fluiden<\/strong> (Fl\u00fcssigkeiten und Gasen) in der Mikrofluidik und Mesofluidik, die mit unseren beiden f\u00fchrenden Produktgruppen - Druckregler und Mehrkanal-Perfusionssystem - umsetzbar ist.<\/p>\n<p style=\"text-align: justify;\">Unser Ziel sind hochpr\u00e4zise Standards f\u00fcr quantitative Messungen in der Biophysik, Biochemie, Biologie und Medizin. Zudem verfolgen wir Open-Source-Ansatz f\u00fcr die Systemsteuerung, d.h. wir stellen neben der propri\u00e4teren GUI auch Open-Source-GUIs mit dem Sourcecode zur Verf\u00fcgung. Wir integrieren unsere Produkte in Ihre IT-Umgebung und entwickeln automatische Protokolle f\u00fcr die Durchf\u00fchrung Ihrer spezifischen Experimente.<\/p>\n\n\t\t<\/div>\n\t<\/div>\n<\/div><\/div><\/div><\/div><div class=\"vc_row wpb_row vc_row-fluid\"><div class=\"wpb_column vc_column_container vc_col-sm-6\"><div class=\"vc_column-inner\"><div class=\"wpb_wrapper\">\n\t<div class=\"wpb_text_column wpb_content_element\" >\n\t\t<div class=\"wpb_wrapper\">\n\t\t\t<p><strong>Dr. Claus F\u00fctterer<\/strong><img loading=\"lazy\" class=\"alignleft wp-image-1978\" src=\"http:\/\/biophysical-tools.de\/wp-content\/uploads\/2014\/07\/Illustration_Claus_2-225x300.png\" alt=\"\" width=\"128\" height=\"170\" srcset=\"https:\/\/biophysical-tools.de\/wp-content\/uploads\/2014\/07\/Illustration_Claus_2-225x300.png 225w, https:\/\/biophysical-tools.de\/wp-content\/uploads\/2014\/07\/Illustration_Claus_2-768x1024.png 768w, https:\/\/biophysical-tools.de\/wp-content\/uploads\/2014\/07\/Illustration_Claus_2-100x133.png 100w, https:\/\/biophysical-tools.de\/wp-content\/uploads\/2014\/07\/Illustration_Claus_2-865x1153.png 865w, https:\/\/biophysical-tools.de\/wp-content\/uploads\/2014\/07\/Illustration_Claus_2-1184x1579.png 1184w, https:\/\/biophysical-tools.de\/wp-content\/uploads\/2014\/07\/Illustration_Claus_2.png 1200w\" sizes=\"(max-width: 128px) 100vw, 128px\" \/><\/p>\n<p>Dr. F\u00fctterer startete 2001 das erste Mikrofluidik-Labor am Institut Curie in Paris und leistete als Miterfinder und Entwickler Pionierarbeit bei der pneumatischen Druckflussregelungsmethode (Patent WO2004\/103566 und jeweilige\u00a0<a href=\"http:\/\/pubs.rsc.org\/en\/content\/articlelanding\/2004\/lc\/b316729a\" target=\"_blank\" rel=\"noopener noreferrer\">Publikation zum Prinzip<\/a>). Mit dieser Technologie war er 2006 Mitbegr\u00fcnder von Fluigent S.A. und dann von Biophysical Tools mit einem stark verbesserten Ansatz vom Precision Pressure Control System P<sup>2<\/sup>CS. Er initiierte auch das Gebiet der Biophysik von Geweben zur Untersuchung der mechanischen Dynamik regenerierender Gewebe mit und patentierte neue Systeme in diesem Bereich. Er ist Erfinder von mehr als 20 Patenten.<\/p>\n\n\t\t<\/div>\n\t<\/div>\n<\/div><\/div><\/div><div class=\"wpb_column vc_column_container vc_col-sm-6\"><div class=\"vc_column-inner\"><div class=\"wpb_wrapper\">\n\t<div class=\"wpb_text_column wpb_content_element\" >\n\t\t<div class=\"wpb_wrapper\">\n\t\t\t<p style=\"text-align: right;\"><strong>Katja F\u00fctterer<\/strong><img loading=\"lazy\" class=\"alignright wp-image-1982\" src=\"http:\/\/biophysical-tools.de\/wp-content\/uploads\/2014\/07\/Katja_Brille-1-280x300.png\" alt=\"\" width=\"158\" height=\"170\" srcset=\"https:\/\/biophysical-tools.de\/wp-content\/uploads\/2014\/07\/Katja_Brille-1-280x300.png 280w, https:\/\/biophysical-tools.de\/wp-content\/uploads\/2014\/07\/Katja_Brille-1-768x824.png 768w, https:\/\/biophysical-tools.de\/wp-content\/uploads\/2014\/07\/Katja_Brille-1-954x1024.png 954w, https:\/\/biophysical-tools.de\/wp-content\/uploads\/2014\/07\/Katja_Brille-1-100x107.png 100w, https:\/\/biophysical-tools.de\/wp-content\/uploads\/2014\/07\/Katja_Brille-1-865x928.png 865w, https:\/\/biophysical-tools.de\/wp-content\/uploads\/2014\/07\/Katja_Brille-1.png 1029w\" sizes=\"(max-width: 158px) 100vw, 158px\" \/><\/p>\n<p>Frau Prasol arbeitete in verschiedenen Industriebereichen - Technologieentwicklung, Biowissenschaften, IT, Recht als Projekt-, Senior- oder Business Development Manager.<\/p>\n<p>Als Projektleiterin schloss sie erfolgreich \u00fcber 10 Projekte im Biotechnologiebereich ab - von der Planung, Finanzierung bis zur Markteinf\u00fchrung, z.B. Entwicklung einer POC-Plattform (bei Magna Diagnostics GmbH), Machbarkeitsstudien (am Fraunhofer IZI), Studien zur Markteinf\u00fchrung einer neuartigen Technologie (Cellcopedia GmbH). Ihr Schwerpunkt liegt auf Unternehmensentwicklung, Markteinf\u00fchrung von neuen Technologien und Generierung von Ideen f\u00fcr neue Technologieprojekte.<\/p>\n\n\t\t<\/div>\n\t<\/div>\n<\/div><\/div><\/div><\/div>\n<\/div>","protected":false},"excerpt":{"rendered":"Biophysical Tools GmbH is your competent partner for Microfluidics - starting with the experiment planning up to its realisation. We are experts in ultra-precise and -fast flow control of fluids (liquids and gases) in Microfluidics and Mesofluidics, which is the focus of our both leading product groups - a flow control system and multi-channel perfusion&hellip;","protected":false},"author":1,"featured_media":0,"parent":0,"menu_order":21,"comment_status":"closed","ping_status":"closed","template":"","meta":[],"_links":{"self":[{"href":"https:\/\/biophysical-tools.de\/de\/wp-json\/wp\/v2\/pages\/45"}],"collection":[{"href":"https:\/\/biophysical-tools.de\/de\/wp-json\/wp\/v2\/pages"}],"about":[{"href":"https:\/\/biophysical-tools.de\/de\/wp-json\/wp\/v2\/types\/page"}],"author":[{"embeddable":true,"href":"https:\/\/biophysical-tools.de\/de\/wp-json\/wp\/v2\/users\/1"}],"replies":[{"embeddable":true,"href":"https:\/\/biophysical-tools.de\/de\/wp-json\/wp\/v2\/comments?post=45"}],"version-history":[{"count":5,"href":"https:\/\/biophysical-tools.de\/de\/wp-json\/wp\/v2\/pages\/45\/revisions"}],"predecessor-version":[{"id":2892,"href":"https:\/\/biophysical-tools.de\/de\/wp-json\/wp\/v2\/pages\/45\/revisions\/2892"}],"wp:attachment":[{"href":"https:\/\/biophysical-tools.de\/de\/wp-json\/wp\/v2\/media?parent=45"}],"curies":[{"name":"wp","href":"https:\/\/api.w.org\/{rel}","templated":true}]}}